{"id":9,"date":"2019-05-16T12:04:14","date_gmt":"2019-05-16T10:04:14","guid":{"rendered":"http:\/\/paroisse.payet-chevalier.fr\/?page_id=9"},"modified":"2025-10-01T18:05:01","modified_gmt":"2025-10-01T16:05:01","slug":"lequipe-paroissiale","status":"publish","type":"page","link":"https:\/\/paroisse-nogent-le-roi.com\/index.php\/lequipe-paroissiale\/","title":{"rendered":"L&#8217;\u00e9quipe pastorale"},"content":{"rendered":"<script type=\"text\/template\" id=\"tmpl-um-member-grid-ZyC4T\">\n\t<div class=\"um-members um-members-grid\">\n\t\t<div class=\"um-gutter-sizer\"><\/div>\n\n\t\t<# if ( data.length > 0 ) { #>\n\t\t\t<# _.each( data, function( user, key, list ) { #>\n\n\t\t\t\t<div id=\"um-member-{{{user.card_anchor}}}-ZyC4T\" class=\"um-member um-role-{{{user.role}}} {{{user.account_status}}} \">\n\n\t\t\t\t\t<span class=\"um-member-status {{{user.account_status}}}\">\n\t\t\t\t\t\t{{{user.account_status_name}}}\n\t\t\t\t\t<\/span>\n\n\t\t\t\t\t\t\t\t\t\t\t<div class=\"um-member-photo radius-1\">\n\t\t\t\t\t\t\t<a href=\"{{{user.profile_url}}}\" title=\"<# if ( user.display_name ) { #>{{{user.display_name}}}<# } #>\">\n\t\t\t\t\t\t\t\t{{{user.avatar}}}\n\t\t\t\t\t\t\t\t\t\t\t\t\t\t\t<\/a>\n\t\t\t\t\t\t<\/div>\n\t\t\t\t\t\n\n\t\t\t\t\t<div class=\"um-member-card \">\n\t\t\t\t\t\t\t\t\t\t\t\t\t<# if ( user.display_name_html ) { #>\n\t\t\t\t\t\t\t\t<div class=\"um-member-name\">\n\t\t\t\t\t\t\t\t\t<a href=\"{{{user.profile_url}}}\" title=\"{{{user.display_name}}}\">\n\t\t\t\t\t\t\t\t\t\t{{{user.display_name_html}}}\n\t\t\t\t\t\t\t\t\t<\/a>\n\t\t\t\t\t\t\t\t<\/div>\n\t\t\t\t\t\t\t<# } #>\n\t\t\t\t\t\t\t\t\t\t\t\t{{{user.hook_just_after_name}}}\n\n\n\t\t\t\t\t\t<# if ( user.can_edit ) { #>\n\t\t\t\t\t\t\t<div class=\"um-members-edit-btn\">\n\t\t\t\t\t\t\t\t<a href=\"{{{user.edit_profile_url}}}\" class=\"um-edit-profile-btn um-button um-alt\">\n\t\t\t\t\t\t\t\t\tModifier le profil\t\t\t\t\t\t\t\t<\/a>\n\t\t\t\t\t\t\t<\/div>\n\t\t\t\t\t\t<# } #>\n\n\n\t\t\t\t\t\t\t\t\t\t\t\t{{{user.hook_after_user_name}}}\n\n\n\t\t\t\t\t\t\n\t\t\t\t\t\t\t\t<# if ( typeof user['description'] !== 'undefined' ) { #>\n\t\t\t\t\t\t\t\t\t<div class=\"um-member-tagline um-member-tagline-description\"\n\t\t\t\t\t\t\t\t\t     data-key=\"description\">\n\t\t\t\t\t\t\t\t\t\t{{{user['description']}}}\n\t\t\t\t\t\t\t\t\t<\/div>\n\t\t\t\t\t\t\t\t<# } #>\n\n\t\t\t\t\t\t\t\n\t\t\t\t\t\t\t<# var $show_block = false; #>\n\n\t\t\t\t\t\t\t\t\t\t\t\t\t\t\t<# if ( typeof user['user_email'] !== 'undefined' ) {\n\t\t\t\t\t\t\t\t\t$show_block = true;\n\t\t\t\t\t\t\t\t} #>\n\t\t\t\t\t\t\t\n\t\t\t\t\t\t\t<# if ( $show_block ) { #>\n\t\t\t\t\t\t\t\t<div class=\"um-member-meta-main\">\n\n\t\t\t\t\t\t\t\t\t\n\t\t\t\t\t\t\t\t\t<div class=\"um-member-meta no-animate\">\n\n\t\t\t\t\t\t\t\t\t\t\n\t\t\t\t\t\t\t\t\t\t\t<# if ( typeof user['user_email'] !== 'undefined' ) { #>\n\t\t\t\t\t\t\t\t\t\t\t\t<div class=\"um-member-metaline um-member-metaline-user_email\">\n\t\t\t\t\t\t\t\t\t\t\t\t\t<strong>{{{user['label_user_email']}}}:<\/strong> {{{user['user_email']}}}\n\t\t\t\t\t\t\t\t\t\t\t\t<\/div>\n\t\t\t\t\t\t\t\t\t\t\t<# } #>\n\n\t\t\t\t\t\t\t\t\t\t\t\t\t\t\t\t\t\t\t<\/div>\n\n\t\t\t\t\t\t\t\t\t\t\t\t\t\t\t\t\t<\/div>\n\t\t\t\t\t\t\t<# } #>\n\t\t\t\t\t\t\n\t\t\t\t\t<\/div>\n\t\t\t\t<\/div>\n\n\t\t\t<# }); #>\n\t\t<# } else { #>\n\n\t\t\t<div class=\"um-members-none\">\n\t\t\t\t<p>Nous sommes d\u00e9sol\u00e9s. Nous ne pouvons pas trouver de compte qui r\u00e9pond \u00e0 vos crit\u00e8res de recherche.<\/p>\n\t\t\t<\/div>\n\n\t\t<# } #>\n\n\t\t<div class=\"um-clear\"><\/div>\n\t<\/div>\n<\/script>\n<script type=\"text\/template\" id=\"tmpl-um-member-list-ZyC4T\">\n\t<div class=\"um-members um-members-list\">\n\n\t\t<# if ( data.length > 0 ) { #>\n\t\t\t<# _.each( data, function( user, key, list ) { #>\n\n\t\t\t\t<div id=\"um-member-{{{user.card_anchor}}}-ZyC4T\" class=\"um-member um-role-{{{user.role}}} {{{user.account_status}}} \">\n\t\t\t\t\t<span class=\"um-member-status {{{user.account_status}}}\">\n\t\t\t\t\t\t{{{user.account_status_name}}}\n\t\t\t\t\t<\/span>\n\t\t\t\t\t<div class=\"um-member-card-container\">\n\t\t\t\t\t\t\t\t\t\t\t\t\t<div class=\"um-member-photo radius-1\">\n\t\t\t\t\t\t\t\t<a href=\"{{{user.profile_url}}}\" title=\"<# if ( user.display_name ) { #>{{{user.display_name}}}<# } #>\">\n\t\t\t\t\t\t\t\t\t{{{user.avatar}}}\n\n\t\t\t\t\t\t\t\t\t\t\t\t\t\t\t\t\t<\/a>\n\t\t\t\t\t\t\t<\/div>\n\t\t\t\t\t\t\n\t\t\t\t\t\t<div class=\"um-member-card \">\n\t\t\t\t\t\t\t<div class=\"um-member-card-content\">\n\t\t\t\t\t\t\t\t<div class=\"um-member-card-header\">\n\t\t\t\t\t\t\t\t\t\t\t\t\t\t\t\t\t\t\t<# if ( user.display_name_html ) { #>\n\t\t\t\t\t\t\t\t\t\t\t<div class=\"um-member-name\">\n\t\t\t\t\t\t\t\t\t\t\t\t<a href=\"{{{user.profile_url}}}\" title=\"<# if ( user.display_name ) { #>{{{user.display_name}}}<# } #>\">\n\t\t\t\t\t\t\t\t\t\t\t\t\t{{{user.display_name_html}}}\n\t\t\t\t\t\t\t\t\t\t\t\t<\/a>\n\t\t\t\t\t\t\t\t\t\t\t<\/div>\n\t\t\t\t\t\t\t\t\t\t<# } #>\n\t\t\t\t\t\t\t\t\t\n\t\t\t\t\t\t\t\t\t{{{user.hook_just_after_name}}}\n\n\t\t\t\t\t\t\t\t\t\n\t\t\t\t\t\t\t\t\t{{{user.hook_after_user_name}}}\n\t\t\t\t\t\t\t\t<\/div>\n\n\t\t\t\t\t\t\t\t\n\t\t\t\t\t\t\t\t\t\t<# if ( typeof user['description'] !== 'undefined' ) { #>\n\t\t\t\t\t\t\t\t\t\t\t<div class=\"um-member-tagline um-member-tagline-description\"\n\t\t\t\t\t\t\t\t\t\t\t     data-key=\"description\">\n\t\t\t\t\t\t\t\t\t\t\t\t{{{user['description']}}}\n\t\t\t\t\t\t\t\t\t\t\t<\/div>\n\t\t\t\t\t\t\t\t\t\t<# } #>\n\n\t\t\t\t\t\t\t\t\t\n\t\t\t\t\t\t\t\t\t<# var $show_block = false; #>\n\n\t\t\t\t\t\t\t\t\t\n\t\t\t\t\t\t\t\t\t\t<# if ( typeof user['user_email'] !== 'undefined' ) {\n\t\t\t\t\t\t\t\t\t\t\t$show_block = true;\n\t\t\t\t\t\t\t\t\t\t} #>\n\t\t\t\t\t\t\t\t\t\n\t\t\t\t\t\t\t\t\t<# if ( $show_block ) { #>\n\t\t\t\t\t\t\t\t\t\t<div class=\"um-member-meta-main no-animate\">\n\n\t\t\t\t\t\t\t\t\t\t\t<div class=\"um-member-meta\">\n\t\t\t\t\t\t\t\t\t\t\t\t\n\t\t\t\t\t\t\t\t\t\t\t\t\t<# if ( typeof user['user_email'] !== 'undefined' ) { #>\n\t\t\t\t\t\t\t\t\t\t\t\t\t<div class=\"um-member-metaline um-member-metaline-user_email\">\n\t\t\t\t\t\t\t\t\t\t\t\t\t\t<strong>{{{user['label_user_email']}}}:<\/strong>&nbsp;{{{user['user_email']}}}\n\t\t\t\t\t\t\t\t\t\t\t\t\t<\/div>\n\t\t\t\t\t\t\t\t\t\t\t\t\t<# } #>\n\n\t\t\t\t\t\t\t\t\t\t\t\t\t\t\t\t\t\t\t\t\t\t\t<\/div>\n\t\t\t\t\t\t\t\t\t\t<\/div>\n\t\t\t\t\t\t\t\t\t<# } #>\n\t\t\t\t\t\t\t\t\t\t\t\t\t\t\t<\/div>\n\n\t\t\t\t\t\t\t<div class=\"um-member-card-actions\">\n\n\t\t\t\t\t\t\t\t<# if ( Object.keys( user.dropdown_actions ).length > 0 ) { #>\n\t\t\t\t\t\t\t\t\t<div class=\"um-member-cog\">\n\t\t\t\t\t\t\t\t\t\t<a href=\"javascript:void(0);\" class=\"um-member-actions-a\">\n\t\t\t\t\t\t\t\t\t\t\t<i class=\"um-faicon-cog\"><\/i>\n\t\t\t\t\t\t\t\t\t\t<\/a>\n\t\t\t\t\t\t\t\t\t\t\n\t\t\t<div class=\"um-new-dropdown\" data-element=\".um-member-cog\" data-trigger=\"click\" data-parent=\"\">\n\t\t\t\t<ul>\n\t\t\t\t\t<# _.each( user.dropdown_actions, function( action, key, list ) { #>\n\t\t\t\t\t\t<li><a href=\"<# if ( typeof action.url != 'undefined' ) { #>{{{action.url}}}<# } else { #>javascript:void(0);<# }#>\" class=\"{{{key}}}\">{{{action.title}}}<\/a><\/li>\n\t\t\t\t\t<# }); #>\n\t\t\t\t<\/ul>\n\t\t\t<\/div>\n\n\t\t\t\t\t\t\t\t\t\t\t\t<\/div>\n\t\t\t\t\t\t\t\t<# } #>\n\n\t\t\t\t\t\t\t<\/div>\n\n\t\t\t\t\t\t<\/div>\n\t\t\t\t\t<\/div>\n\t\t\t\t\t<div class=\"um-member-card-footer  \">\n\n\t\t\t\t\t\t<div class=\"um-member-card-footer-buttons\">\n\t\t\t\t\t\t\t\t\t\t\t\t\t<\/div>\n\n\t\t\t\t\t\t\t\t\t\t\t<\/div>\n\t\t\t\t<\/div>\n\n\t\t\t<# }); #>\n\t\t<# } else { #>\n\n\t\t\t<div class=\"um-members-none\">\n\t\t\t\t<p>Nous sommes d\u00e9sol\u00e9s. Nous ne pouvons pas trouver de compte qui r\u00e9pond \u00e0 vos crit\u00e8res de recherche.<\/p>\n\t\t\t<\/div>\n\n\t\t<# } #>\n\n\t<\/div>\n<\/script>\n\n\n<script type=\"text\/template\" id=\"tmpl-um-members-header\">\n\t<div class=\"um-members-intro\">\n\t\t<div class=\"um-members-total\">\n\t\t\t<# if ( data.pagination.total_users == 1 ) { #>\n\t\t\t\t{{{data.pagination.header_single}}}\n\t\t\t<# } else if ( data.pagination.total_users > 1 ) { #>\n\t\t\t\t{{{data.pagination.header}}}\n\t\t\t<# } #>\n\t\t<\/div>\n\t<\/div>\n\n\t<div class=\"um-clear\"><\/div>\n<\/script>\n\n\n<script type=\"text\/template\" id=\"tmpl-um-members-pagination\">\n\t<# if ( data.pagination.pages_to_show.length > 0 ) { #>\n\t\t<div class=\"um-members-pagidrop uimob340-show uimob500-show\">\n\t\t\tAller \u00e0 la page\u00a0:\t\t\t<select class=\"um-s2 um-members-pagi-dropdown\" style=\"width: 100px;display:inline-block;\">\n\t\t\t\t<# _.each( data.pagination.pages_to_show, function( page, key, list ) { #>\n\t\t\t\t\t<option value=\"{{{page}}}\" <# if ( page == data.pagination.current_page ) { #>selected<# } #>>{{{page}}} sur {{{data.pagination.total_pages}}}<\/option>\n\t\t\t\t<# }); #>\n\t\t\t<\/select>\n\t\t<\/div>\n\n\t\t<div class=\"um-members-pagi uimob340-hide uimob500-hide\">\n\t\t\t<span class=\"pagi pagi-arrow <# if ( data.pagination.current_page == 1 ) { #>disabled<# } #>\" data-page=\"first\" aria-label=\"Premi\u00e8re page\"><i class=\"um-faicon-angle-double-left\"><\/i><\/span>\n\t\t\t<span class=\"pagi pagi-arrow <# if ( data.pagination.current_page == 1 ) { #>disabled<# } #>\" data-page=\"prev\" aria-label=\"Page pr\u00e9c\u00e9dente\"><i class=\"um-faicon-angle-left\"><\/i><\/span>\n\n\t\t\t<# _.each( data.pagination.pages_to_show, function( page, key, list ) { #>\n\t\t\t\t<span class=\"pagi <# if ( page == data.pagination.current_page ) { #>current<# } #>\" data-page=\"{{{page}}}\">{{{page}}}<\/span>\n\t\t\t<# }); #>\n\n\t\t\t<span class=\"pagi pagi-arrow <# if ( data.pagination.current_page == data.pagination.total_pages ) { #>disabled<# } #>\" data-page=\"next\" aria-label=\"Page suivante\"><i class=\"um-faicon-angle-right\"><\/i><\/span>\n\t\t\t<span class=\"pagi pagi-arrow <# if ( data.pagination.current_page == data.pagination.total_pages ) { #>disabled<# } #>\" data-page=\"last\" aria-label=\"Derni\u00e8re page\"><i class=\"um-faicon-angle-double-right\"><\/i><\/span>\n\t\t<\/div>\n\t<# } #>\n<\/script>\n\n<div class=\"um um-directory um-ZyC4T\"\n\t data-hash=\"ZyC4T\" data-base-post=\"9\"\n\t data-must-search=\"0\" data-searched=\"1\"\n\t data-view_type=\"list\" data-page=\"1\"\n\t data-sorting=\"\">\n\t<div class=\"um-members-overlay\"><div class=\"um-ajax-loading\"><\/div><\/div>\n\n\t<div class=\"um-member-directory-header um-form\">\n\n\t\t\n\t\t\t\t\t<div class=\"um-member-directory-header-row\">\n\t\t\t\t<div class=\"um-member-directory-nav-line\">\n\t\t\t\t\t\t\t\t\t\t\t\t\t\t<span class=\"um-member-directory-view-type\">\n\t\t\t\t\t\t\t\t\t\n\t\t\t\t\t\t\t\t<a href=\"javascript:void(0)\"\n\t\t\t\t\t\t\t\t\tclass=\"um-member-directory-view-type-a um-tip-n\"\n\t\t\t\t\t\t\t\t\tdata-type=\"grid\"\n\t\t\t\t\t\t\t\t\tdata-default=\"0\"\n\t\t\t\t\t\t\t\t\ttitle=\"Changer pour Grille\"\n\t\t\t\t\t\t\t\t\tdefault-title=\"Grille\"\n\t\t\t\t\t\t\t\t\tnext-item=\"\" ><i class=\"um-faicon-th\"><\/i><\/a>\n\t\t\t\t\t\t\t\t\n\t\t\t\t\t\t\t\t<a href=\"javascript:void(0)\"\n\t\t\t\t\t\t\t\t\tclass=\"um-member-directory-view-type-a um-tip-n\"\n\t\t\t\t\t\t\t\t\tdata-type=\"list\"\n\t\t\t\t\t\t\t\t\tdata-default=\"1\"\n\t\t\t\t\t\t\t\t\ttitle=\"Changer pour Liste\"\n\t\t\t\t\t\t\t\t\tdefault-title=\"Liste\"\n\t\t\t\t\t\t\t\t\tnext-item=\"\" ><i class=\"um-faicon-list\"><\/i><\/a>\n\t\t\t\t\t\t\t\t\t\t\t\t\t\t\t<\/span>\n\t\t\t\t\t\t\t\t\t\t\t<\/div>\n\t\t\t<\/div>\n\t\t\n\n\t\t\t<\/div>\n\n\t<div class=\"um-members-wrapper\"><\/div>\n\n\t<div class=\"um-members-pagination-box\"><\/div>\n\n\t\n<\/div>\n\n","protected":false},"excerpt":{"rendered":"","protected":false},"author":1,"featured_media":0,"parent":0,"menu_order":0,"comment_status":"closed","ping_status":"closed","template":"","meta":{"_monsterinsights_skip_tracking":false,"_monsterinsights_sitenote_active":false,"_monsterinsights_sitenote_note":"","_monsterinsights_sitenote_category":0,"footnotes":""},"class_list":["post-9","page","type-page","status-publish","hentry"],"yoast_head":"<!-- This site is optimized with the Yoast SEO plugin v27.3 - https:\/\/yoast.com\/product\/yoast-seo-wordpress\/ -->\n<title>L&#039;\u00e9quipe pastorale - Nogent-le-Roi<\/title>\n<meta name=\"robots\" content=\"index, follow, max-snippet:-1, max-image-preview:large, max-video-preview:-1\" \/>\n<link rel=\"canonical\" href=\"https:\/\/paroisse-nogent-le-roi.com\/index.php\/lequipe-paroissiale\/\" \/>\n<meta property=\"og:locale\" content=\"fr_FR\" \/>\n<meta property=\"og:type\" content=\"article\" \/>\n<meta property=\"og:title\" content=\"L&#039;\u00e9quipe pastorale - Nogent-le-Roi\" \/>\n<meta property=\"og:url\" content=\"https:\/\/paroisse-nogent-le-roi.com\/index.php\/lequipe-paroissiale\/\" \/>\n<meta property=\"og:site_name\" content=\"Nogent-le-Roi\" \/>\n<meta property=\"article:modified_time\" content=\"2025-10-01T16:05:01+00:00\" \/>\n<meta name=\"twitter:label1\" content=\"Dur\u00e9e de lecture estim\u00e9e\" \/>\n\t<meta name=\"twitter:data1\" content=\"1 minute\" \/>\n<script type=\"application\/ld+json\" class=\"yoast-schema-graph\">{\"@context\":\"https:\\\/\\\/schema.org\",\"@graph\":[{\"@type\":\"WebPage\",\"@id\":\"https:\\\/\\\/paroisse-nogent-le-roi.com\\\/index.php\\\/lequipe-paroissiale\\\/\",\"url\":\"https:\\\/\\\/paroisse-nogent-le-roi.com\\\/index.php\\\/lequipe-paroissiale\\\/\",\"name\":\"L'\u00e9quipe pastorale - Nogent-le-Roi\",\"isPartOf\":{\"@id\":\"https:\\\/\\\/paroisse-nogent-le-roi.com\\\/#website\"},\"datePublished\":\"2019-05-16T10:04:14+00:00\",\"dateModified\":\"2025-10-01T16:05:01+00:00\",\"breadcrumb\":{\"@id\":\"https:\\\/\\\/paroisse-nogent-le-roi.com\\\/index.php\\\/lequipe-paroissiale\\\/#breadcrumb\"},\"inLanguage\":\"fr-FR\",\"potentialAction\":[{\"@type\":\"ReadAction\",\"target\":[\"https:\\\/\\\/paroisse-nogent-le-roi.com\\\/index.php\\\/lequipe-paroissiale\\\/\"]}]},{\"@type\":\"BreadcrumbList\",\"@id\":\"https:\\\/\\\/paroisse-nogent-le-roi.com\\\/index.php\\\/lequipe-paroissiale\\\/#breadcrumb\",\"itemListElement\":[{\"@type\":\"ListItem\",\"position\":1,\"name\":\"Home\",\"item\":\"https:\\\/\\\/paroisse-nogent-le-roi.com\\\/\"},{\"@type\":\"ListItem\",\"position\":2,\"name\":\"L&#8217;\u00e9quipe pastorale\"}]},{\"@type\":\"WebSite\",\"@id\":\"https:\\\/\\\/paroisse-nogent-le-roi.com\\\/#website\",\"url\":\"https:\\\/\\\/paroisse-nogent-le-roi.com\\\/\",\"name\":\"Nogent-le-Roi\",\"description\":\"Paroisse catholique\",\"publisher\":{\"@id\":\"https:\\\/\\\/paroisse-nogent-le-roi.com\\\/#organization\"},\"potentialAction\":[{\"@type\":\"SearchAction\",\"target\":{\"@type\":\"EntryPoint\",\"urlTemplate\":\"https:\\\/\\\/paroisse-nogent-le-roi.com\\\/?s={search_term_string}\"},\"query-input\":{\"@type\":\"PropertyValueSpecification\",\"valueRequired\":true,\"valueName\":\"search_term_string\"}}],\"inLanguage\":\"fr-FR\"},{\"@type\":\"Organization\",\"@id\":\"https:\\\/\\\/paroisse-nogent-le-roi.com\\\/#organization\",\"name\":\"Paroisse Nogent-Le-Roi\",\"url\":\"https:\\\/\\\/paroisse-nogent-le-roi.com\\\/\",\"logo\":{\"@type\":\"ImageObject\",\"inLanguage\":\"fr-FR\",\"@id\":\"https:\\\/\\\/paroisse-nogent-le-roi.com\\\/#\\\/schema\\\/logo\\\/image\\\/\",\"url\":\"https:\\\/\\\/paroisse-nogent-le-roi.com\\\/wp-content\\\/uploads\\\/2019\\\/05\\\/logo-bleu.jpg\",\"contentUrl\":\"https:\\\/\\\/paroisse-nogent-le-roi.com\\\/wp-content\\\/uploads\\\/2019\\\/05\\\/logo-bleu.jpg\",\"width\":373,\"height\":353,\"caption\":\"Paroisse Nogent-Le-Roi\"},\"image\":{\"@id\":\"https:\\\/\\\/paroisse-nogent-le-roi.com\\\/#\\\/schema\\\/logo\\\/image\\\/\"},\"sameAs\":[\"https:\\\/\\\/www.instagram.com\\\/paroisses_ste_jeanne_st_yves\\\/\"]}]}<\/script>\n<!-- \/ Yoast SEO plugin. -->","yoast_head_json":{"title":"L'\u00e9quipe pastorale - Nogent-le-Roi","robots":{"index":"index","follow":"follow","max-snippet":"max-snippet:-1","max-image-preview":"max-image-preview:large","max-video-preview":"max-video-preview:-1"},"canonical":"https:\/\/paroisse-nogent-le-roi.com\/index.php\/lequipe-paroissiale\/","og_locale":"fr_FR","og_type":"article","og_title":"L'\u00e9quipe pastorale - Nogent-le-Roi","og_url":"https:\/\/paroisse-nogent-le-roi.com\/index.php\/lequipe-paroissiale\/","og_site_name":"Nogent-le-Roi","article_modified_time":"2025-10-01T16:05:01+00:00","twitter_misc":{"Dur\u00e9e de lecture estim\u00e9e":"1 minute"},"schema":{"@context":"https:\/\/schema.org","@graph":[{"@type":"WebPage","@id":"https:\/\/paroisse-nogent-le-roi.com\/index.php\/lequipe-paroissiale\/","url":"https:\/\/paroisse-nogent-le-roi.com\/index.php\/lequipe-paroissiale\/","name":"L'\u00e9quipe pastorale - Nogent-le-Roi","isPartOf":{"@id":"https:\/\/paroisse-nogent-le-roi.com\/#website"},"datePublished":"2019-05-16T10:04:14+00:00","dateModified":"2025-10-01T16:05:01+00:00","breadcrumb":{"@id":"https:\/\/paroisse-nogent-le-roi.com\/index.php\/lequipe-paroissiale\/#breadcrumb"},"inLanguage":"fr-FR","potentialAction":[{"@type":"ReadAction","target":["https:\/\/paroisse-nogent-le-roi.com\/index.php\/lequipe-paroissiale\/"]}]},{"@type":"BreadcrumbList","@id":"https:\/\/paroisse-nogent-le-roi.com\/index.php\/lequipe-paroissiale\/#breadcrumb","itemListElement":[{"@type":"ListItem","position":1,"name":"Home","item":"https:\/\/paroisse-nogent-le-roi.com\/"},{"@type":"ListItem","position":2,"name":"L&#8217;\u00e9quipe pastorale"}]},{"@type":"WebSite","@id":"https:\/\/paroisse-nogent-le-roi.com\/#website","url":"https:\/\/paroisse-nogent-le-roi.com\/","name":"Nogent-le-Roi","description":"Paroisse catholique","publisher":{"@id":"https:\/\/paroisse-nogent-le-roi.com\/#organization"},"potentialAction":[{"@type":"SearchAction","target":{"@type":"EntryPoint","urlTemplate":"https:\/\/paroisse-nogent-le-roi.com\/?s={search_term_string}"},"query-input":{"@type":"PropertyValueSpecification","valueRequired":true,"valueName":"search_term_string"}}],"inLanguage":"fr-FR"},{"@type":"Organization","@id":"https:\/\/paroisse-nogent-le-roi.com\/#organization","name":"Paroisse Nogent-Le-Roi","url":"https:\/\/paroisse-nogent-le-roi.com\/","logo":{"@type":"ImageObject","inLanguage":"fr-FR","@id":"https:\/\/paroisse-nogent-le-roi.com\/#\/schema\/logo\/image\/","url":"https:\/\/paroisse-nogent-le-roi.com\/wp-content\/uploads\/2019\/05\/logo-bleu.jpg","contentUrl":"https:\/\/paroisse-nogent-le-roi.com\/wp-content\/uploads\/2019\/05\/logo-bleu.jpg","width":373,"height":353,"caption":"Paroisse Nogent-Le-Roi"},"image":{"@id":"https:\/\/paroisse-nogent-le-roi.com\/#\/schema\/logo\/image\/"},"sameAs":["https:\/\/www.instagram.com\/paroisses_ste_jeanne_st_yves\/"]}]}},"_links":{"self":[{"href":"https:\/\/paroisse-nogent-le-roi.com\/index.php\/wp-json\/wp\/v2\/pages\/9","targetHints":{"allow":["GET"]}}],"collection":[{"href":"https:\/\/paroisse-nogent-le-roi.com\/index.php\/wp-json\/wp\/v2\/pages"}],"about":[{"href":"https:\/\/paroisse-nogent-le-roi.com\/index.php\/wp-json\/wp\/v2\/types\/page"}],"author":[{"embeddable":true,"href":"https:\/\/paroisse-nogent-le-roi.com\/index.php\/wp-json\/wp\/v2\/users\/1"}],"replies":[{"embeddable":true,"href":"https:\/\/paroisse-nogent-le-roi.com\/index.php\/wp-json\/wp\/v2\/comments?post=9"}],"version-history":[{"count":13,"href":"https:\/\/paroisse-nogent-le-roi.com\/index.php\/wp-json\/wp\/v2\/pages\/9\/revisions"}],"predecessor-version":[{"id":5029,"href":"https:\/\/paroisse-nogent-le-roi.com\/index.php\/wp-json\/wp\/v2\/pages\/9\/revisions\/5029"}],"wp:attachment":[{"href":"https:\/\/paroisse-nogent-le-roi.com\/index.php\/wp-json\/wp\/v2\/media?parent=9"}],"curies":[{"name":"wp","href":"https:\/\/api.w.org\/{rel}","templated":true}]}}