{"id":452,"date":"2021-09-16T10:08:49","date_gmt":"2021-09-16T08:08:49","guid":{"rendered":"http:\/\/paroisse-nogent-le-roi.com\/?page_id=452"},"modified":"2025-08-27T15:17:16","modified_gmt":"2025-08-27T13:17:16","slug":"patronage","status":"publish","type":"page","link":"https:\/\/paroisse-nogent-le-roi.com\/index.php\/patronage\/","title":{"rendered":"Patronage"},"content":{"rendered":"\n<div style=\"height:46px\" aria-hidden=\"true\" class=\"wp-block-spacer\"><\/div>\n\n\n\n<p class=\"has-text-align-center\">Le patronage Louis de Gonzague a pour objectif de permettre aux enfants (6-11 ans) de vivre le mercredi (hors p\u00e9riode de vacances scolaires) et quelques vacances scolaires, dans une ambiance familiale et chr\u00e9tienne. L\u2019\u00e9quipe d\u2019encadrement est compos\u00e9e de b\u00e9n\u00e9voles, de grands jeunes et de pr\u00eatres de la paroisse.<\/p>\n\n\n\n<p><strong>Le patronage est une des activit\u00e9s propos\u00e9es par l\u2019association \u00ab\u00a0les Bernaches\u00a0\u00bb, ainsi pour y participer, il vous faut devenir membre de l\u2019association<\/strong> (adh\u00e9sion en ligne et cotisation de 10 euros par famille pour l\u2019ann\u00e9e septembre 2025-ao\u00fbt 2026).<\/p>\n\n\n\n<p><a href=\"https:\/\/w.enoria.link\/adhesion-association-les-bernaches-2025-2026\" target=\"_blank\" rel=\"noreferrer noopener\">Adh\u00e9sion \u00e0 l&#8217;association Les Bernaches<\/a><\/p>\n\n\n\n<div class=\"wp-block-file\"><a id=\"wp-block-file--media-8e9372ab-1220-4b50-a2a8-487130bb2aaf\" href=\"https:\/\/paroisse-nogent-le-roi.com\/wp-content\/uploads\/2024\/05\/Reglement-interieur-de-lassociation-Les-Bernaches-v12.pdf\" target=\"_blank\" rel=\"noreferrer noopener\">R\u00e8glement int\u00e9rieur de l&#8217;association Les Bernaches<\/a><\/div>\n\n\n\n<div style=\"height:50px\" aria-hidden=\"true\" class=\"wp-block-spacer\"><\/div>\n\n\n\n<h3 class=\"wp-block-heading has-large-font-size\" id=\"les-mercredis-a-maintenon\">&#8211; Les Mercredis \u00e0 Maintenon (2025-2026)<\/h3>\n\n\n<div class=\"wp-block-image\">\n<figure class=\"aligncenter size-large is-resized\"><img loading=\"lazy\" decoding=\"async\" width=\"724\" height=\"1024\" src=\"https:\/\/paroisse-nogent-le-roi.com\/wp-content\/uploads\/2025\/08\/A-la-decouverte-de-la-France-724x1024.png\" alt=\"\" class=\"wp-image-4994\" style=\"width:362px;height:512px\" srcset=\"https:\/\/paroisse-nogent-le-roi.com\/wp-content\/uploads\/2025\/08\/A-la-decouverte-de-la-France-724x1024.png 724w, https:\/\/paroisse-nogent-le-roi.com\/wp-content\/uploads\/2025\/08\/A-la-decouverte-de-la-France-212x300.png 212w, https:\/\/paroisse-nogent-le-roi.com\/wp-content\/uploads\/2025\/08\/A-la-decouverte-de-la-France-768x1086.png 768w, https:\/\/paroisse-nogent-le-roi.com\/wp-content\/uploads\/2025\/08\/A-la-decouverte-de-la-France-1086x1536.png 1086w, https:\/\/paroisse-nogent-le-roi.com\/wp-content\/uploads\/2025\/08\/A-la-decouverte-de-la-France-1448x2048.png 1448w, https:\/\/paroisse-nogent-le-roi.com\/wp-content\/uploads\/2025\/08\/A-la-decouverte-de-la-France.png 1587w\" sizes=\"auto, (max-width: 724px) 100vw, 724px\" \/><\/figure>\n<\/div>\n\n\n<div style=\"height:50px\" aria-hidden=\"true\" class=\"wp-block-spacer\"><\/div>\n\n\n\n<p><strong>Le patronage du mercredi ouvre ses portes le mercredi 3 septembre 2025 :<\/strong><\/p>\n\n\n\n<p><strong>soit en journ\u00e9e compl\u00e8te 8h45 \/ 17h30 (12 places disponibles)<\/strong><\/p>\n\n\n\n<p><strong>soit en demi-journ\u00e9e 11h30 \/ 17h30<\/strong>.<\/p>\n\n\n\n<p>Pour les 6-11 ans \u00e0 la salle des Georgeries, 4 bis rue des Georgeries \u00e0 Maintenon. Tous les mercredis (hors p\u00e9riode scolaire).&nbsp;<\/p>\n\n\n\n<p>Ce&nbsp;patronage&nbsp;est&nbsp;d\u00e9clar\u00e9 aupr\u00e8s <strong>des d\u00e9l\u00e9gations r\u00e9gionales acad\u00e9miques \u00e0 la jeunesse, \u00e0 l&#8217;engagement et aux sports<\/strong>&nbsp;(DRAJES).&nbsp;Il fait donc l\u2019objet&nbsp;d\u2019un projet \u00e9ducatif et&nbsp;d\u2019un projet p\u00e9dagogique.<\/p>\n\n\n\n<div style=\"height:32px\" aria-hidden=\"true\" class=\"wp-block-spacer\"><\/div>\n\n\n\n<p class=\"has-text-align-center has-pale-cyan-blue-background-color has-background has-medium-font-size\"><strong><em><a href=\"https:\/\/w.enoria.link\/inscription-patronage-mercredis-2025-26\" target=\"_blank\" rel=\"noreferrer noopener\">Inscription en ligne<\/a><\/em><\/strong><\/p>\n\n\n\n<div style=\"height:28px\" aria-hidden=\"true\" class=\"wp-block-spacer\"><\/div>\n\n\n\n<p>Contact de la directrice, Anne-Louise : 06 59 70 02 77 &#8211;&nbsp;<a href=\"mailto:patronageldg@gmail.com\">patronageldg@gmail.com<\/a><\/p>\n\n\n\n<h3 class=\"wp-block-heading has-large-font-size\" id=\"patronage-de-toussaint-2021\">&#8211; Patronage vacances \u00e9t\u00e9 2025<\/h3>\n\n\n\n<div class=\"wp-block-columns is-layout-flex wp-container-core-columns-is-layout-9d6595d7 wp-block-columns-is-layout-flex\">\n<div class=\"wp-block-column is-layout-flow wp-block-column-is-layout-flow\" style=\"flex-basis:100%\"><\/div>\n<\/div>\n\n\n<div class=\"wp-block-image\">\n<figure class=\"aligncenter size-large is-resized\"><img loading=\"lazy\" decoding=\"async\" width=\"724\" height=\"1024\" src=\"https:\/\/paroisse-nogent-le-roi.com\/wp-content\/uploads\/2025\/05\/Patro-ete-2025-724x1024.png\" alt=\"\" class=\"wp-image-4947\" style=\"width:362px;height:512px\" srcset=\"https:\/\/paroisse-nogent-le-roi.com\/wp-content\/uploads\/2025\/05\/Patro-ete-2025-724x1024.png 724w, https:\/\/paroisse-nogent-le-roi.com\/wp-content\/uploads\/2025\/05\/Patro-ete-2025-212x300.png 212w, https:\/\/paroisse-nogent-le-roi.com\/wp-content\/uploads\/2025\/05\/Patro-ete-2025-768x1086.png 768w, https:\/\/paroisse-nogent-le-roi.com\/wp-content\/uploads\/2025\/05\/Patro-ete-2025-1086x1536.png 1086w, https:\/\/paroisse-nogent-le-roi.com\/wp-content\/uploads\/2025\/05\/Patro-ete-2025-1448x2048.png 1448w, https:\/\/paroisse-nogent-le-roi.com\/wp-content\/uploads\/2025\/05\/Patro-ete-2025.png 1587w\" sizes=\"auto, (max-width: 724px) 100vw, 724px\" \/><\/figure>\n<\/div>\n\n\n<div style=\"height:50px\" aria-hidden=\"true\" class=\"wp-block-spacer\"><\/div>\n\n\n\n<div style=\"height:50px\" aria-hidden=\"true\" class=\"wp-block-spacer\"><\/div>\n\n\n\n<p class=\"has-text-align-center has-light-green-cyan-background-color has-background has-medium-font-size\"><a href=\"https:\/\/lesbernaches.fr\/index.php\/2025\/05\/06\/patronage-ete-2025\/\" target=\"_blank\" rel=\"noreferrer noopener\"><strong><em>Inscription en ligne<\/em><\/strong><\/a><\/p>\n","protected":false},"excerpt":{"rendered":"<p>Le patronage Louis de Gonzague a pour objectif de permettre aux enfants (6-11 ans) de vivre le mercredi (hors p\u00e9riode de vacances scolaires) et quelques vacances scolaires, dans une ambiance familiale et chr\u00e9tienne. L\u2019\u00e9quipe d\u2019encadrement est compos\u00e9e de b\u00e9n\u00e9voles, de grands jeunes et de pr\u00eatres de la paroisse. Le patronage est une des activit\u00e9s propos\u00e9es&hellip;<\/p>\n","protected":false},"author":6,"featured_media":4262,"parent":0,"menu_order":0,"comment_status":"closed","ping_status":"closed","template":"","meta":{"_monsterinsights_skip_tracking":false,"_monsterinsights_sitenote_active":false,"_monsterinsights_sitenote_note":"","_monsterinsights_sitenote_category":0,"footnotes":""},"class_list":["post-452","page","type-page","status-publish","has-post-thumbnail","hentry"],"yoast_head":"<!-- This site is optimized with the Yoast SEO plugin v27.4 - https:\/\/yoast.com\/product\/yoast-seo-wordpress\/ -->\n<title>Patronage - Nogent-le-Roi<\/title>\n<meta name=\"robots\" content=\"index, follow, max-snippet:-1, max-image-preview:large, max-video-preview:-1\" \/>\n<link rel=\"canonical\" href=\"https:\/\/paroisse-nogent-le-roi.com\/index.php\/patronage\/\" \/>\n<meta property=\"og:locale\" content=\"fr_FR\" \/>\n<meta property=\"og:type\" content=\"article\" \/>\n<meta property=\"og:title\" content=\"Patronage - Nogent-le-Roi\" \/>\n<meta property=\"og:description\" content=\"Le patronage Louis de Gonzague a pour objectif de permettre aux enfants (6-11 ans) de vivre le mercredi (hors p\u00e9riode de vacances scolaires) et quelques vacances scolaires, dans une ambiance familiale et chr\u00e9tienne. L\u2019\u00e9quipe d\u2019encadrement est compos\u00e9e de b\u00e9n\u00e9voles, de grands jeunes et de pr\u00eatres de la paroisse. Le patronage est une des activit\u00e9s propos\u00e9es&hellip;\" \/>\n<meta property=\"og:url\" content=\"https:\/\/paroisse-nogent-le-roi.com\/index.php\/patronage\/\" \/>\n<meta property=\"og:site_name\" content=\"Nogent-le-Roi\" \/>\n<meta property=\"article:modified_time\" content=\"2025-08-27T13:17:16+00:00\" \/>\n<meta property=\"og:image\" content=\"https:\/\/paroisse-nogent-le-roi.com\/wp-content\/uploads\/2024\/02\/Logo-Bernaches-couleur.png\" \/>\n\t<meta property=\"og:image:width\" content=\"1000\" \/>\n\t<meta property=\"og:image:height\" content=\"1000\" \/>\n\t<meta property=\"og:image:type\" content=\"image\/png\" \/>\n<meta name=\"twitter:label1\" content=\"Dur\u00e9e de lecture estim\u00e9e\" \/>\n\t<meta name=\"twitter:data1\" content=\"4 minutes\" \/>\n<script type=\"application\/ld+json\" class=\"yoast-schema-graph\">{\"@context\":\"https:\\\/\\\/schema.org\",\"@graph\":[{\"@type\":\"WebPage\",\"@id\":\"https:\\\/\\\/paroisse-nogent-le-roi.com\\\/index.php\\\/patronage\\\/\",\"url\":\"https:\\\/\\\/paroisse-nogent-le-roi.com\\\/index.php\\\/patronage\\\/\",\"name\":\"Patronage - Nogent-le-Roi\",\"isPartOf\":{\"@id\":\"https:\\\/\\\/paroisse-nogent-le-roi.com\\\/#website\"},\"primaryImageOfPage\":{\"@id\":\"https:\\\/\\\/paroisse-nogent-le-roi.com\\\/index.php\\\/patronage\\\/#primaryimage\"},\"image\":{\"@id\":\"https:\\\/\\\/paroisse-nogent-le-roi.com\\\/index.php\\\/patronage\\\/#primaryimage\"},\"thumbnailUrl\":\"https:\\\/\\\/paroisse-nogent-le-roi.com\\\/wp-content\\\/uploads\\\/2024\\\/02\\\/Logo-Bernaches-couleur.png\",\"datePublished\":\"2021-09-16T08:08:49+00:00\",\"dateModified\":\"2025-08-27T13:17:16+00:00\",\"breadcrumb\":{\"@id\":\"https:\\\/\\\/paroisse-nogent-le-roi.com\\\/index.php\\\/patronage\\\/#breadcrumb\"},\"inLanguage\":\"fr-FR\",\"potentialAction\":[{\"@type\":\"ReadAction\",\"target\":[\"https:\\\/\\\/paroisse-nogent-le-roi.com\\\/index.php\\\/patronage\\\/\"]}]},{\"@type\":\"ImageObject\",\"inLanguage\":\"fr-FR\",\"@id\":\"https:\\\/\\\/paroisse-nogent-le-roi.com\\\/index.php\\\/patronage\\\/#primaryimage\",\"url\":\"https:\\\/\\\/paroisse-nogent-le-roi.com\\\/wp-content\\\/uploads\\\/2024\\\/02\\\/Logo-Bernaches-couleur.png\",\"contentUrl\":\"https:\\\/\\\/paroisse-nogent-le-roi.com\\\/wp-content\\\/uploads\\\/2024\\\/02\\\/Logo-Bernaches-couleur.png\",\"width\":1000,\"height\":1000},{\"@type\":\"BreadcrumbList\",\"@id\":\"https:\\\/\\\/paroisse-nogent-le-roi.com\\\/index.php\\\/patronage\\\/#breadcrumb\",\"itemListElement\":[{\"@type\":\"ListItem\",\"position\":1,\"name\":\"Home\",\"item\":\"https:\\\/\\\/paroisse-nogent-le-roi.com\\\/\"},{\"@type\":\"ListItem\",\"position\":2,\"name\":\"Patronage\"}]},{\"@type\":\"WebSite\",\"@id\":\"https:\\\/\\\/paroisse-nogent-le-roi.com\\\/#website\",\"url\":\"https:\\\/\\\/paroisse-nogent-le-roi.com\\\/\",\"name\":\"Nogent-le-Roi\",\"description\":\"Paroisse catholique\",\"publisher\":{\"@id\":\"https:\\\/\\\/paroisse-nogent-le-roi.com\\\/#organization\"},\"potentialAction\":[{\"@type\":\"SearchAction\",\"target\":{\"@type\":\"EntryPoint\",\"urlTemplate\":\"https:\\\/\\\/paroisse-nogent-le-roi.com\\\/?s={search_term_string}\"},\"query-input\":{\"@type\":\"PropertyValueSpecification\",\"valueRequired\":true,\"valueName\":\"search_term_string\"}}],\"inLanguage\":\"fr-FR\"},{\"@type\":\"Organization\",\"@id\":\"https:\\\/\\\/paroisse-nogent-le-roi.com\\\/#organization\",\"name\":\"Paroisse Nogent-Le-Roi\",\"url\":\"https:\\\/\\\/paroisse-nogent-le-roi.com\\\/\",\"logo\":{\"@type\":\"ImageObject\",\"inLanguage\":\"fr-FR\",\"@id\":\"https:\\\/\\\/paroisse-nogent-le-roi.com\\\/#\\\/schema\\\/logo\\\/image\\\/\",\"url\":\"https:\\\/\\\/paroisse-nogent-le-roi.com\\\/wp-content\\\/uploads\\\/2019\\\/05\\\/logo-bleu.jpg\",\"contentUrl\":\"https:\\\/\\\/paroisse-nogent-le-roi.com\\\/wp-content\\\/uploads\\\/2019\\\/05\\\/logo-bleu.jpg\",\"width\":373,\"height\":353,\"caption\":\"Paroisse Nogent-Le-Roi\"},\"image\":{\"@id\":\"https:\\\/\\\/paroisse-nogent-le-roi.com\\\/#\\\/schema\\\/logo\\\/image\\\/\"},\"sameAs\":[\"https:\\\/\\\/www.instagram.com\\\/paroisses_ste_jeanne_st_yves\\\/\"]}]}<\/script>\n<!-- \/ Yoast SEO plugin. -->","yoast_head_json":{"title":"Patronage - Nogent-le-Roi","robots":{"index":"index","follow":"follow","max-snippet":"max-snippet:-1","max-image-preview":"max-image-preview:large","max-video-preview":"max-video-preview:-1"},"canonical":"https:\/\/paroisse-nogent-le-roi.com\/index.php\/patronage\/","og_locale":"fr_FR","og_type":"article","og_title":"Patronage - Nogent-le-Roi","og_description":"Le patronage Louis de Gonzague a pour objectif de permettre aux enfants (6-11 ans) de vivre le mercredi (hors p\u00e9riode de vacances scolaires) et quelques vacances scolaires, dans une ambiance familiale et chr\u00e9tienne. L\u2019\u00e9quipe d\u2019encadrement est compos\u00e9e de b\u00e9n\u00e9voles, de grands jeunes et de pr\u00eatres de la paroisse. Le patronage est une des activit\u00e9s propos\u00e9es&hellip;","og_url":"https:\/\/paroisse-nogent-le-roi.com\/index.php\/patronage\/","og_site_name":"Nogent-le-Roi","article_modified_time":"2025-08-27T13:17:16+00:00","og_image":[{"width":1000,"height":1000,"url":"https:\/\/paroisse-nogent-le-roi.com\/wp-content\/uploads\/2024\/02\/Logo-Bernaches-couleur.png","type":"image\/png"}],"twitter_misc":{"Dur\u00e9e de lecture estim\u00e9e":"4 minutes"},"schema":{"@context":"https:\/\/schema.org","@graph":[{"@type":"WebPage","@id":"https:\/\/paroisse-nogent-le-roi.com\/index.php\/patronage\/","url":"https:\/\/paroisse-nogent-le-roi.com\/index.php\/patronage\/","name":"Patronage - Nogent-le-Roi","isPartOf":{"@id":"https:\/\/paroisse-nogent-le-roi.com\/#website"},"primaryImageOfPage":{"@id":"https:\/\/paroisse-nogent-le-roi.com\/index.php\/patronage\/#primaryimage"},"image":{"@id":"https:\/\/paroisse-nogent-le-roi.com\/index.php\/patronage\/#primaryimage"},"thumbnailUrl":"https:\/\/paroisse-nogent-le-roi.com\/wp-content\/uploads\/2024\/02\/Logo-Bernaches-couleur.png","datePublished":"2021-09-16T08:08:49+00:00","dateModified":"2025-08-27T13:17:16+00:00","breadcrumb":{"@id":"https:\/\/paroisse-nogent-le-roi.com\/index.php\/patronage\/#breadcrumb"},"inLanguage":"fr-FR","potentialAction":[{"@type":"ReadAction","target":["https:\/\/paroisse-nogent-le-roi.com\/index.php\/patronage\/"]}]},{"@type":"ImageObject","inLanguage":"fr-FR","@id":"https:\/\/paroisse-nogent-le-roi.com\/index.php\/patronage\/#primaryimage","url":"https:\/\/paroisse-nogent-le-roi.com\/wp-content\/uploads\/2024\/02\/Logo-Bernaches-couleur.png","contentUrl":"https:\/\/paroisse-nogent-le-roi.com\/wp-content\/uploads\/2024\/02\/Logo-Bernaches-couleur.png","width":1000,"height":1000},{"@type":"BreadcrumbList","@id":"https:\/\/paroisse-nogent-le-roi.com\/index.php\/patronage\/#breadcrumb","itemListElement":[{"@type":"ListItem","position":1,"name":"Home","item":"https:\/\/paroisse-nogent-le-roi.com\/"},{"@type":"ListItem","position":2,"name":"Patronage"}]},{"@type":"WebSite","@id":"https:\/\/paroisse-nogent-le-roi.com\/#website","url":"https:\/\/paroisse-nogent-le-roi.com\/","name":"Nogent-le-Roi","description":"Paroisse catholique","publisher":{"@id":"https:\/\/paroisse-nogent-le-roi.com\/#organization"},"potentialAction":[{"@type":"SearchAction","target":{"@type":"EntryPoint","urlTemplate":"https:\/\/paroisse-nogent-le-roi.com\/?s={search_term_string}"},"query-input":{"@type":"PropertyValueSpecification","valueRequired":true,"valueName":"search_term_string"}}],"inLanguage":"fr-FR"},{"@type":"Organization","@id":"https:\/\/paroisse-nogent-le-roi.com\/#organization","name":"Paroisse Nogent-Le-Roi","url":"https:\/\/paroisse-nogent-le-roi.com\/","logo":{"@type":"ImageObject","inLanguage":"fr-FR","@id":"https:\/\/paroisse-nogent-le-roi.com\/#\/schema\/logo\/image\/","url":"https:\/\/paroisse-nogent-le-roi.com\/wp-content\/uploads\/2019\/05\/logo-bleu.jpg","contentUrl":"https:\/\/paroisse-nogent-le-roi.com\/wp-content\/uploads\/2019\/05\/logo-bleu.jpg","width":373,"height":353,"caption":"Paroisse Nogent-Le-Roi"},"image":{"@id":"https:\/\/paroisse-nogent-le-roi.com\/#\/schema\/logo\/image\/"},"sameAs":["https:\/\/www.instagram.com\/paroisses_ste_jeanne_st_yves\/"]}]}},"_links":{"self":[{"href":"https:\/\/paroisse-nogent-le-roi.com\/index.php\/wp-json\/wp\/v2\/pages\/452","targetHints":{"allow":["GET"]}}],"collection":[{"href":"https:\/\/paroisse-nogent-le-roi.com\/index.php\/wp-json\/wp\/v2\/pages"}],"about":[{"href":"https:\/\/paroisse-nogent-le-roi.com\/index.php\/wp-json\/wp\/v2\/types\/page"}],"author":[{"embeddable":true,"href":"https:\/\/paroisse-nogent-le-roi.com\/index.php\/wp-json\/wp\/v2\/users\/6"}],"replies":[{"embeddable":true,"href":"https:\/\/paroisse-nogent-le-roi.com\/index.php\/wp-json\/wp\/v2\/comments?post=452"}],"version-history":[{"count":131,"href":"https:\/\/paroisse-nogent-le-roi.com\/index.php\/wp-json\/wp\/v2\/pages\/452\/revisions"}],"predecessor-version":[{"id":4997,"href":"https:\/\/paroisse-nogent-le-roi.com\/index.php\/wp-json\/wp\/v2\/pages\/452\/revisions\/4997"}],"wp:featuredmedia":[{"embeddable":true,"href":"https:\/\/paroisse-nogent-le-roi.com\/index.php\/wp-json\/wp\/v2\/media\/4262"}],"wp:attachment":[{"href":"https:\/\/paroisse-nogent-le-roi.com\/index.php\/wp-json\/wp\/v2\/media?parent=452"}],"curies":[{"name":"wp","href":"https:\/\/api.w.org\/{rel}","templated":true}]}}