{"id":357,"date":"2019-08-27T09:56:08","date_gmt":"2019-08-27T07:56:08","guid":{"rendered":"http:\/\/paroisse-nogent-le-roi.com\/?page_id=357"},"modified":"2023-02-03T16:38:53","modified_gmt":"2023-02-03T15:38:53","slug":"mariage","status":"publish","type":"page","link":"https:\/\/paroisse-nogent-le-roi.com\/index.php\/mariage\/","title":{"rendered":"Mariage"},"content":{"rendered":"<div class=\"wp-block-image\">\n<figure class=\"aligncenter size-full\"><img loading=\"lazy\" decoding=\"async\" width=\"547\" height=\"329\" src=\"https:\/\/paroisse-nogent-le-roi.com\/wp-content\/uploads\/2023\/02\/mariage-3.png\" alt=\"\" class=\"wp-image-3424\" srcset=\"https:\/\/paroisse-nogent-le-roi.com\/wp-content\/uploads\/2023\/02\/mariage-3.png 547w, https:\/\/paroisse-nogent-le-roi.com\/wp-content\/uploads\/2023\/02\/mariage-3-300x180.png 300w\" sizes=\"auto, (max-width: 547px) 100vw, 547px\" \/><\/figure>\n<\/div>\n\n\n<h3 class=\"wp-block-heading\">Pour pr\u00e9parer la c\u00e9l\u00e9bration de votre mariage<\/h3>\n\n\n\n<div class=\"wp-block-file\"><a id=\"wp-block-file--media-902aab77-b520-44b9-a030-7ca168d03c7b\" href=\"https:\/\/paroisse-nogent-le-roi.com\/wp-content\/uploads\/2019\/08\/Livret-mariage-exemple.docx\"><strong>Exemple de livret de mariage<\/strong><\/a><a href=\"https:\/\/paroisse-nogent-le-roi.com\/wp-content\/uploads\/2019\/08\/Livret-mariage-exemple.docx\" class=\"wp-block-file__button wp-element-button\" download aria-describedby=\"wp-block-file--media-902aab77-b520-44b9-a030-7ca168d03c7b\">T\u00e9l\u00e9charger<\/a><\/div>\n\n\n\n<div class=\"wp-block-file\"><a id=\"wp-block-file--media-e5638c70-6790-48b3-a2b6-ba3bba44e1ad\" href=\"https:\/\/paroisse-nogent-le-roi.com\/wp-content\/uploads\/2019\/08\/Propositionschants-mariages1.docx\"><strong>Proposition de chants pour mariage<\/strong><\/a><a href=\"https:\/\/paroisse-nogent-le-roi.com\/wp-content\/uploads\/2019\/08\/Propositionschants-mariages1.docx\" class=\"wp-block-file__button wp-element-button\" download aria-describedby=\"wp-block-file--media-e5638c70-6790-48b3-a2b6-ba3bba44e1ad\">T\u00e9l\u00e9charger<\/a><\/div>\n\n\n\n<div class=\"wp-block-file\"><a id=\"wp-block-file--media-8b553d06-121c-40c0-a725-e64bf71d1ad6\" href=\"https:\/\/paroisse-nogent-le-roi.com\/wp-content\/uploads\/2022\/07\/Liste-musiques-pour-mariage.pdf\" target=\"_blank\" rel=\"noreferrer noopener\"><strong>Liste de musiques pour mariage<\/strong><\/a><a href=\"https:\/\/paroisse-nogent-le-roi.com\/wp-content\/uploads\/2022\/07\/Liste-musiques-pour-mariage.pdf\" class=\"wp-block-file__button wp-element-button\" download aria-describedby=\"wp-block-file--media-8b553d06-121c-40c0-a725-e64bf71d1ad6\">T\u00e9l\u00e9charger<\/a><\/div>\n","protected":false},"excerpt":{"rendered":"<p>Pour pr\u00e9parer la c\u00e9l\u00e9bration de votre mariage<\/p>\n","protected":false},"author":6,"featured_media":0,"parent":0,"menu_order":0,"comment_status":"closed","ping_status":"closed","template":"","meta":{"_monsterinsights_skip_tracking":false,"_monsterinsights_sitenote_active":false,"_monsterinsights_sitenote_note":"","_monsterinsights_sitenote_category":0,"footnotes":""},"class_list":["post-357","page","type-page","status-publish","hentry"],"yoast_head":"<!-- This site is optimized with the Yoast SEO plugin v27.4 - https:\/\/yoast.com\/product\/yoast-seo-wordpress\/ -->\n<title>Mariage - Nogent-le-Roi<\/title>\n<meta name=\"robots\" content=\"index, follow, max-snippet:-1, max-image-preview:large, max-video-preview:-1\" \/>\n<link rel=\"canonical\" href=\"https:\/\/paroisse-nogent-le-roi.com\/index.php\/mariage\/\" \/>\n<meta property=\"og:locale\" content=\"fr_FR\" \/>\n<meta property=\"og:type\" content=\"article\" \/>\n<meta property=\"og:title\" content=\"Mariage - Nogent-le-Roi\" \/>\n<meta property=\"og:description\" content=\"Pour pr\u00e9parer la c\u00e9l\u00e9bration de votre mariage\" \/>\n<meta property=\"og:url\" content=\"https:\/\/paroisse-nogent-le-roi.com\/index.php\/mariage\/\" \/>\n<meta property=\"og:site_name\" content=\"Nogent-le-Roi\" \/>\n<meta property=\"article:modified_time\" content=\"2023-02-03T15:38:53+00:00\" \/>\n<meta property=\"og:image\" content=\"https:\/\/paroisse-nogent-le-roi.com\/wp-content\/uploads\/2023\/02\/mariage-3.png\" \/>\n<meta name=\"twitter:label1\" content=\"Dur\u00e9e de lecture estim\u00e9e\" \/>\n\t<meta name=\"twitter:data1\" content=\"1 minute\" \/>\n<script type=\"application\/ld+json\" class=\"yoast-schema-graph\">{\"@context\":\"https:\\\/\\\/schema.org\",\"@graph\":[{\"@type\":\"WebPage\",\"@id\":\"https:\\\/\\\/paroisse-nogent-le-roi.com\\\/index.php\\\/mariage\\\/\",\"url\":\"https:\\\/\\\/paroisse-nogent-le-roi.com\\\/index.php\\\/mariage\\\/\",\"name\":\"Mariage - Nogent-le-Roi\",\"isPartOf\":{\"@id\":\"https:\\\/\\\/paroisse-nogent-le-roi.com\\\/#website\"},\"primaryImageOfPage\":{\"@id\":\"https:\\\/\\\/paroisse-nogent-le-roi.com\\\/index.php\\\/mariage\\\/#primaryimage\"},\"image\":{\"@id\":\"https:\\\/\\\/paroisse-nogent-le-roi.com\\\/index.php\\\/mariage\\\/#primaryimage\"},\"thumbnailUrl\":\"https:\\\/\\\/paroisse-nogent-le-roi.com\\\/wp-content\\\/uploads\\\/2023\\\/02\\\/mariage-3.png\",\"datePublished\":\"2019-08-27T07:56:08+00:00\",\"dateModified\":\"2023-02-03T15:38:53+00:00\",\"breadcrumb\":{\"@id\":\"https:\\\/\\\/paroisse-nogent-le-roi.com\\\/index.php\\\/mariage\\\/#breadcrumb\"},\"inLanguage\":\"fr-FR\",\"potentialAction\":[{\"@type\":\"ReadAction\",\"target\":[\"https:\\\/\\\/paroisse-nogent-le-roi.com\\\/index.php\\\/mariage\\\/\"]}]},{\"@type\":\"ImageObject\",\"inLanguage\":\"fr-FR\",\"@id\":\"https:\\\/\\\/paroisse-nogent-le-roi.com\\\/index.php\\\/mariage\\\/#primaryimage\",\"url\":\"https:\\\/\\\/paroisse-nogent-le-roi.com\\\/wp-content\\\/uploads\\\/2023\\\/02\\\/mariage-3.png\",\"contentUrl\":\"https:\\\/\\\/paroisse-nogent-le-roi.com\\\/wp-content\\\/uploads\\\/2023\\\/02\\\/mariage-3.png\",\"width\":547,\"height\":329},{\"@type\":\"BreadcrumbList\",\"@id\":\"https:\\\/\\\/paroisse-nogent-le-roi.com\\\/index.php\\\/mariage\\\/#breadcrumb\",\"itemListElement\":[{\"@type\":\"ListItem\",\"position\":1,\"name\":\"Home\",\"item\":\"https:\\\/\\\/paroisse-nogent-le-roi.com\\\/\"},{\"@type\":\"ListItem\",\"position\":2,\"name\":\"Mariage\"}]},{\"@type\":\"WebSite\",\"@id\":\"https:\\\/\\\/paroisse-nogent-le-roi.com\\\/#website\",\"url\":\"https:\\\/\\\/paroisse-nogent-le-roi.com\\\/\",\"name\":\"Nogent-le-Roi\",\"description\":\"Paroisse catholique\",\"publisher\":{\"@id\":\"https:\\\/\\\/paroisse-nogent-le-roi.com\\\/#organization\"},\"potentialAction\":[{\"@type\":\"SearchAction\",\"target\":{\"@type\":\"EntryPoint\",\"urlTemplate\":\"https:\\\/\\\/paroisse-nogent-le-roi.com\\\/?s={search_term_string}\"},\"query-input\":{\"@type\":\"PropertyValueSpecification\",\"valueRequired\":true,\"valueName\":\"search_term_string\"}}],\"inLanguage\":\"fr-FR\"},{\"@type\":\"Organization\",\"@id\":\"https:\\\/\\\/paroisse-nogent-le-roi.com\\\/#organization\",\"name\":\"Paroisse Nogent-Le-Roi\",\"url\":\"https:\\\/\\\/paroisse-nogent-le-roi.com\\\/\",\"logo\":{\"@type\":\"ImageObject\",\"inLanguage\":\"fr-FR\",\"@id\":\"https:\\\/\\\/paroisse-nogent-le-roi.com\\\/#\\\/schema\\\/logo\\\/image\\\/\",\"url\":\"https:\\\/\\\/paroisse-nogent-le-roi.com\\\/wp-content\\\/uploads\\\/2019\\\/05\\\/logo-bleu.jpg\",\"contentUrl\":\"https:\\\/\\\/paroisse-nogent-le-roi.com\\\/wp-content\\\/uploads\\\/2019\\\/05\\\/logo-bleu.jpg\",\"width\":373,\"height\":353,\"caption\":\"Paroisse Nogent-Le-Roi\"},\"image\":{\"@id\":\"https:\\\/\\\/paroisse-nogent-le-roi.com\\\/#\\\/schema\\\/logo\\\/image\\\/\"},\"sameAs\":[\"https:\\\/\\\/www.instagram.com\\\/paroisses_ste_jeanne_st_yves\\\/\"]}]}<\/script>\n<!-- \/ Yoast SEO plugin. -->","yoast_head_json":{"title":"Mariage - Nogent-le-Roi","robots":{"index":"index","follow":"follow","max-snippet":"max-snippet:-1","max-image-preview":"max-image-preview:large","max-video-preview":"max-video-preview:-1"},"canonical":"https:\/\/paroisse-nogent-le-roi.com\/index.php\/mariage\/","og_locale":"fr_FR","og_type":"article","og_title":"Mariage - Nogent-le-Roi","og_description":"Pour pr\u00e9parer la c\u00e9l\u00e9bration de votre mariage","og_url":"https:\/\/paroisse-nogent-le-roi.com\/index.php\/mariage\/","og_site_name":"Nogent-le-Roi","article_modified_time":"2023-02-03T15:38:53+00:00","og_image":[{"url":"https:\/\/paroisse-nogent-le-roi.com\/wp-content\/uploads\/2023\/02\/mariage-3.png","type":"","width":"","height":""}],"twitter_misc":{"Dur\u00e9e de lecture estim\u00e9e":"1 minute"},"schema":{"@context":"https:\/\/schema.org","@graph":[{"@type":"WebPage","@id":"https:\/\/paroisse-nogent-le-roi.com\/index.php\/mariage\/","url":"https:\/\/paroisse-nogent-le-roi.com\/index.php\/mariage\/","name":"Mariage - Nogent-le-Roi","isPartOf":{"@id":"https:\/\/paroisse-nogent-le-roi.com\/#website"},"primaryImageOfPage":{"@id":"https:\/\/paroisse-nogent-le-roi.com\/index.php\/mariage\/#primaryimage"},"image":{"@id":"https:\/\/paroisse-nogent-le-roi.com\/index.php\/mariage\/#primaryimage"},"thumbnailUrl":"https:\/\/paroisse-nogent-le-roi.com\/wp-content\/uploads\/2023\/02\/mariage-3.png","datePublished":"2019-08-27T07:56:08+00:00","dateModified":"2023-02-03T15:38:53+00:00","breadcrumb":{"@id":"https:\/\/paroisse-nogent-le-roi.com\/index.php\/mariage\/#breadcrumb"},"inLanguage":"fr-FR","potentialAction":[{"@type":"ReadAction","target":["https:\/\/paroisse-nogent-le-roi.com\/index.php\/mariage\/"]}]},{"@type":"ImageObject","inLanguage":"fr-FR","@id":"https:\/\/paroisse-nogent-le-roi.com\/index.php\/mariage\/#primaryimage","url":"https:\/\/paroisse-nogent-le-roi.com\/wp-content\/uploads\/2023\/02\/mariage-3.png","contentUrl":"https:\/\/paroisse-nogent-le-roi.com\/wp-content\/uploads\/2023\/02\/mariage-3.png","width":547,"height":329},{"@type":"BreadcrumbList","@id":"https:\/\/paroisse-nogent-le-roi.com\/index.php\/mariage\/#breadcrumb","itemListElement":[{"@type":"ListItem","position":1,"name":"Home","item":"https:\/\/paroisse-nogent-le-roi.com\/"},{"@type":"ListItem","position":2,"name":"Mariage"}]},{"@type":"WebSite","@id":"https:\/\/paroisse-nogent-le-roi.com\/#website","url":"https:\/\/paroisse-nogent-le-roi.com\/","name":"Nogent-le-Roi","description":"Paroisse catholique","publisher":{"@id":"https:\/\/paroisse-nogent-le-roi.com\/#organization"},"potentialAction":[{"@type":"SearchAction","target":{"@type":"EntryPoint","urlTemplate":"https:\/\/paroisse-nogent-le-roi.com\/?s={search_term_string}"},"query-input":{"@type":"PropertyValueSpecification","valueRequired":true,"valueName":"search_term_string"}}],"inLanguage":"fr-FR"},{"@type":"Organization","@id":"https:\/\/paroisse-nogent-le-roi.com\/#organization","name":"Paroisse Nogent-Le-Roi","url":"https:\/\/paroisse-nogent-le-roi.com\/","logo":{"@type":"ImageObject","inLanguage":"fr-FR","@id":"https:\/\/paroisse-nogent-le-roi.com\/#\/schema\/logo\/image\/","url":"https:\/\/paroisse-nogent-le-roi.com\/wp-content\/uploads\/2019\/05\/logo-bleu.jpg","contentUrl":"https:\/\/paroisse-nogent-le-roi.com\/wp-content\/uploads\/2019\/05\/logo-bleu.jpg","width":373,"height":353,"caption":"Paroisse Nogent-Le-Roi"},"image":{"@id":"https:\/\/paroisse-nogent-le-roi.com\/#\/schema\/logo\/image\/"},"sameAs":["https:\/\/www.instagram.com\/paroisses_ste_jeanne_st_yves\/"]}]}},"_links":{"self":[{"href":"https:\/\/paroisse-nogent-le-roi.com\/index.php\/wp-json\/wp\/v2\/pages\/357","targetHints":{"allow":["GET"]}}],"collection":[{"href":"https:\/\/paroisse-nogent-le-roi.com\/index.php\/wp-json\/wp\/v2\/pages"}],"about":[{"href":"https:\/\/paroisse-nogent-le-roi.com\/index.php\/wp-json\/wp\/v2\/types\/page"}],"author":[{"embeddable":true,"href":"https:\/\/paroisse-nogent-le-roi.com\/index.php\/wp-json\/wp\/v2\/users\/6"}],"replies":[{"embeddable":true,"href":"https:\/\/paroisse-nogent-le-roi.com\/index.php\/wp-json\/wp\/v2\/comments?post=357"}],"version-history":[{"count":12,"href":"https:\/\/paroisse-nogent-le-roi.com\/index.php\/wp-json\/wp\/v2\/pages\/357\/revisions"}],"predecessor-version":[{"id":3425,"href":"https:\/\/paroisse-nogent-le-roi.com\/index.php\/wp-json\/wp\/v2\/pages\/357\/revisions\/3425"}],"wp:attachment":[{"href":"https:\/\/paroisse-nogent-le-roi.com\/index.php\/wp-json\/wp\/v2\/media?parent=357"}],"curies":[{"name":"wp","href":"https:\/\/api.w.org\/{rel}","templated":true}]}}