{"id":314,"date":"2023-09-01T09:35:07","date_gmt":"2023-09-01T07:35:07","guid":{"rendered":"http:\/\/paroisse-nogent-le-roi.com\/?page_id=314"},"modified":"2025-09-12T16:57:21","modified_gmt":"2025-09-12T14:57:21","slug":"aumonerie-saint-martin","status":"publish","type":"page","link":"https:\/\/paroisse-nogent-le-roi.com\/index.php\/aumonerie-saint-martin\/","title":{"rendered":"Aum\u00f4nerie Saint-Martin 2025-2026"},"content":{"rendered":"\n<div style=\"height:40px\" aria-hidden=\"true\" class=\"wp-block-spacer\"><\/div>\n\n\n\n<figure class=\"wp-block-image size-large\"><img loading=\"lazy\" decoding=\"async\" width=\"724\" height=\"1024\" src=\"https:\/\/paroisse-nogent-le-roi.com\/wp-content\/uploads\/2025\/09\/Affiche-rentree-aumonerie-25-26-724x1024.png\" alt=\"\" class=\"wp-image-5001\" srcset=\"https:\/\/paroisse-nogent-le-roi.com\/wp-content\/uploads\/2025\/09\/Affiche-rentree-aumonerie-25-26-724x1024.png 724w, https:\/\/paroisse-nogent-le-roi.com\/wp-content\/uploads\/2025\/09\/Affiche-rentree-aumonerie-25-26-212x300.png 212w, https:\/\/paroisse-nogent-le-roi.com\/wp-content\/uploads\/2025\/09\/Affiche-rentree-aumonerie-25-26-768x1086.png 768w, https:\/\/paroisse-nogent-le-roi.com\/wp-content\/uploads\/2025\/09\/Affiche-rentree-aumonerie-25-26-1086x1536.png 1086w, https:\/\/paroisse-nogent-le-roi.com\/wp-content\/uploads\/2025\/09\/Affiche-rentree-aumonerie-25-26.png 1414w\" sizes=\"auto, (max-width: 724px) 100vw, 724px\" \/><\/figure>\n\n\n\n<div style=\"height:27px\" aria-hidden=\"true\" class=\"wp-block-spacer\"><\/div>\n\n\n\n<p>Comme l&#8217;an dernier, les 6e, qui pr\u00e9parent leur profession de foi et leur confirmation, se rassembleront en m\u00eame temps que les autres coll\u00e9giens, avec un enseignement \u00e0 part. Les horaires ont \u00e9t\u00e9 avanc\u00e9s pour mieux correspondre aux besoins des jeunes (18h30-21h30).<\/p>\n\n\n\n<h2 class=\"wp-block-heading\">Inscription 2025-2026<\/h2>\n\n\n\n<ul class=\"wp-block-list\">\n<li><strong>Inscription en ligne<\/strong> : <\/li>\n<\/ul>\n\n\n\n<div class=\"wp-block-buttons is-layout-flex wp-block-buttons-is-layout-flex\">\n<div class=\"wp-block-button\"><a class=\"wp-block-button__link has-luminous-vivid-orange-background-color has-background wp-element-button\" href=\"https:\/\/w.enoria.link\/inscription-aumonerie-collegiens-2025-2026\" target=\"_blank\" rel=\"noreferrer noopener\"><strong>POUR LES COLL\u00c9GIENS<\/strong><\/a><\/div>\n<\/div>\n\n\n\n<div style=\"height:16px\" aria-hidden=\"true\" class=\"wp-block-spacer\"><\/div>\n\n\n\n<div class=\"wp-block-buttons is-layout-flex wp-block-buttons-is-layout-flex\">\n<div class=\"wp-block-button\"><a class=\"wp-block-button__link has-luminous-vivid-amber-background-color has-background wp-element-button\" href=\"https:\/\/w.enoria.link\/inscription-aumonerie-lyceens-2025-2026\" target=\"_blank\" rel=\"noreferrer noopener\"><strong>POUR LES LYC\u00c9ENS<\/strong><\/a><\/div>\n<\/div>\n\n\n\n<ul class=\"wp-block-list\">\n<li><strong>La fiche d&#8217;autorisations<\/strong>, que vous recevrez par mail une fois le formulaire en ligne compl\u00e9t\u00e9, <strong>est \u00e0 imprimer, \u00e0 signer et \u00e0 d\u00e9poser aux presbyt\u00e8res <\/strong>de Maintenon ou Nogent-le-Roi, ou bien \u00e0 apporter \u00e0 la prochaine rencontre (possibilit\u00e9 \u00e9galement de la renvoyer par mail : <a href=\"mailto:aumonerie.sjsy@diocesechartres.fr\">aumonerie.sjsy@diocesechartres.fr<\/a>)<\/li>\n\n\n\n<li><strong>Le r\u00e8glement<\/strong> peut se faire par ch\u00e8que (\u00e0 l&#8217;ordre de l&#8217;aum\u00f4nerie Saint-Martin), en esp\u00e8ce ou par CB :<\/li>\n<\/ul>\n\n\n\n<div class=\"wp-block-buttons is-content-justification-center is-layout-flex wp-container-core-buttons-is-layout-16018d1d wp-block-buttons-is-layout-flex\">\n<div class=\"wp-block-button\"><a class=\"wp-block-button__link has-light-green-cyan-background-color has-background wp-element-button\" href=\"https:\/\/www.helloasso.com\/associations\/aumonerie-saint-martin-de-nogent-le-roi\/evenements\/inscription-aumonerie-annee-2025-2026\" target=\"_blank\" rel=\"noreferrer noopener\"><strong>Cliquer pour payer par CB via HelloAsso<\/strong><\/a><\/div>\n<\/div>\n\n\n\n<div style=\"height:20px\" aria-hidden=\"true\" class=\"wp-block-spacer\"><\/div>\n\n\n\n<p class=\"has-text-align-center\"><strong>Si vous ne pouvez pas vous inscrire en ligne ou si vous avez besoin d\u2019aide pour cela, <\/strong><\/p>\n\n\n\n<p class=\"has-text-align-center\"><strong>contactez don Charles au 06.40.52.87.13<\/strong>.<\/p>\n\n\n\n<div style=\"height:31px\" aria-hidden=\"true\" class=\"wp-block-spacer\"><\/div>\n\n\n\n<h2 class=\"wp-block-heading\">Programme des coll\u00e9giens 2025-26 :<\/h2>\n\n\n\n<div style=\"height:50px\" aria-hidden=\"true\" class=\"wp-block-spacer\"><\/div>\n\n\n\n<figure class=\"wp-block-image size-large\"><img loading=\"lazy\" decoding=\"async\" width=\"724\" height=\"1024\" src=\"https:\/\/paroisse-nogent-le-roi.com\/wp-content\/uploads\/2025\/09\/Pg-aumonerie-college-2025-2026-724x1024.png\" alt=\"\" class=\"wp-image-5016\" srcset=\"https:\/\/paroisse-nogent-le-roi.com\/wp-content\/uploads\/2025\/09\/Pg-aumonerie-college-2025-2026-724x1024.png 724w, https:\/\/paroisse-nogent-le-roi.com\/wp-content\/uploads\/2025\/09\/Pg-aumonerie-college-2025-2026-212x300.png 212w, https:\/\/paroisse-nogent-le-roi.com\/wp-content\/uploads\/2025\/09\/Pg-aumonerie-college-2025-2026-768x1086.png 768w, https:\/\/paroisse-nogent-le-roi.com\/wp-content\/uploads\/2025\/09\/Pg-aumonerie-college-2025-2026-1086x1536.png 1086w, https:\/\/paroisse-nogent-le-roi.com\/wp-content\/uploads\/2025\/09\/Pg-aumonerie-college-2025-2026.png 1414w\" sizes=\"auto, (max-width: 724px) 100vw, 724px\" \/><\/figure>\n\n\n\n<div style=\"height:41px\" aria-hidden=\"true\" class=\"wp-block-spacer\"><\/div>\n\n\n\n<h2 class=\"wp-block-heading\">Programme des lyc\u00e9ens 2025-26 :<\/h2>\n\n\n\n<div style=\"height:50px\" aria-hidden=\"true\" class=\"wp-block-spacer\"><\/div>\n\n\n\n<figure class=\"wp-block-image size-large\"><img loading=\"lazy\" decoding=\"async\" width=\"724\" height=\"1024\" src=\"https:\/\/paroisse-nogent-le-roi.com\/wp-content\/uploads\/2025\/09\/Pg-aumonerie-lycee-2025-2026-724x1024.png\" alt=\"\" class=\"wp-image-5018\" srcset=\"https:\/\/paroisse-nogent-le-roi.com\/wp-content\/uploads\/2025\/09\/Pg-aumonerie-lycee-2025-2026-724x1024.png 724w, https:\/\/paroisse-nogent-le-roi.com\/wp-content\/uploads\/2025\/09\/Pg-aumonerie-lycee-2025-2026-212x300.png 212w, https:\/\/paroisse-nogent-le-roi.com\/wp-content\/uploads\/2025\/09\/Pg-aumonerie-lycee-2025-2026-768x1086.png 768w, https:\/\/paroisse-nogent-le-roi.com\/wp-content\/uploads\/2025\/09\/Pg-aumonerie-lycee-2025-2026-1086x1536.png 1086w, https:\/\/paroisse-nogent-le-roi.com\/wp-content\/uploads\/2025\/09\/Pg-aumonerie-lycee-2025-2026.png 1414w\" sizes=\"auto, (max-width: 724px) 100vw, 724px\" \/><\/figure>\n","protected":false},"excerpt":{"rendered":"<p>Comme l&#8217;an dernier, les 6e, qui pr\u00e9parent leur profession de foi et leur confirmation, se rassembleront en m\u00eame temps que les autres coll\u00e9giens, avec un enseignement \u00e0 part. Les horaires ont \u00e9t\u00e9 avanc\u00e9s pour mieux correspondre aux besoins des jeunes (18h30-21h30). Inscription 2025-2026 Si vous ne pouvez pas vous inscrire en ligne ou si vous&hellip;<\/p>\n","protected":false},"author":6,"featured_media":0,"parent":0,"menu_order":0,"comment_status":"closed","ping_status":"closed","template":"","meta":{"_monsterinsights_skip_tracking":false,"_monsterinsights_sitenote_active":false,"_monsterinsights_sitenote_note":"","_monsterinsights_sitenote_category":0,"footnotes":""},"class_list":["post-314","page","type-page","status-publish","hentry"],"yoast_head":"<!-- This site is optimized with the Yoast SEO plugin v27.4 - https:\/\/yoast.com\/product\/yoast-seo-wordpress\/ -->\n<title>Aum\u00f4nerie Saint-Martin 2025-2026 - Nogent-le-Roi<\/title>\n<meta name=\"robots\" content=\"index, follow, max-snippet:-1, max-image-preview:large, max-video-preview:-1\" \/>\n<link rel=\"canonical\" href=\"https:\/\/paroisse-nogent-le-roi.com\/index.php\/aumonerie-saint-martin\/\" \/>\n<meta property=\"og:locale\" content=\"fr_FR\" \/>\n<meta property=\"og:type\" content=\"article\" \/>\n<meta property=\"og:title\" content=\"Aum\u00f4nerie Saint-Martin 2025-2026 - Nogent-le-Roi\" \/>\n<meta property=\"og:description\" content=\"Comme l&#8217;an dernier, les 6e, qui pr\u00e9parent leur profession de foi et leur confirmation, se rassembleront en m\u00eame temps que les autres coll\u00e9giens, avec un enseignement \u00e0 part. Les horaires ont \u00e9t\u00e9 avanc\u00e9s pour mieux correspondre aux besoins des jeunes (18h30-21h30). Inscription 2025-2026 Si vous ne pouvez pas vous inscrire en ligne ou si vous&hellip;\" \/>\n<meta property=\"og:url\" content=\"https:\/\/paroisse-nogent-le-roi.com\/index.php\/aumonerie-saint-martin\/\" \/>\n<meta property=\"og:site_name\" content=\"Nogent-le-Roi\" \/>\n<meta property=\"article:modified_time\" content=\"2025-09-12T14:57:21+00:00\" \/>\n<meta property=\"og:image\" content=\"https:\/\/paroisse-nogent-le-roi.com\/wp-content\/uploads\/2025\/09\/Affiche-rentree-aumonerie-25-26-724x1024.png\" \/>\n\t<meta property=\"og:image:width\" content=\"724\" \/>\n\t<meta property=\"og:image:height\" content=\"1024\" \/>\n\t<meta property=\"og:image:type\" content=\"image\/png\" \/>\n<meta name=\"twitter:label1\" content=\"Dur\u00e9e de lecture estim\u00e9e\" \/>\n\t<meta name=\"twitter:data1\" content=\"1 minute\" \/>\n<script type=\"application\/ld+json\" class=\"yoast-schema-graph\">{\"@context\":\"https:\\\/\\\/schema.org\",\"@graph\":[{\"@type\":\"WebPage\",\"@id\":\"https:\\\/\\\/paroisse-nogent-le-roi.com\\\/index.php\\\/aumonerie-saint-martin\\\/\",\"url\":\"https:\\\/\\\/paroisse-nogent-le-roi.com\\\/index.php\\\/aumonerie-saint-martin\\\/\",\"name\":\"Aum\u00f4nerie Saint-Martin 2025-2026 - Nogent-le-Roi\",\"isPartOf\":{\"@id\":\"https:\\\/\\\/paroisse-nogent-le-roi.com\\\/#website\"},\"primaryImageOfPage\":{\"@id\":\"https:\\\/\\\/paroisse-nogent-le-roi.com\\\/index.php\\\/aumonerie-saint-martin\\\/#primaryimage\"},\"image\":{\"@id\":\"https:\\\/\\\/paroisse-nogent-le-roi.com\\\/index.php\\\/aumonerie-saint-martin\\\/#primaryimage\"},\"thumbnailUrl\":\"https:\\\/\\\/paroisse-nogent-le-roi.com\\\/wp-content\\\/uploads\\\/2025\\\/09\\\/Affiche-rentree-aumonerie-25-26-724x1024.png\",\"datePublished\":\"2023-09-01T07:35:07+00:00\",\"dateModified\":\"2025-09-12T14:57:21+00:00\",\"breadcrumb\":{\"@id\":\"https:\\\/\\\/paroisse-nogent-le-roi.com\\\/index.php\\\/aumonerie-saint-martin\\\/#breadcrumb\"},\"inLanguage\":\"fr-FR\",\"potentialAction\":[{\"@type\":\"ReadAction\",\"target\":[\"https:\\\/\\\/paroisse-nogent-le-roi.com\\\/index.php\\\/aumonerie-saint-martin\\\/\"]}]},{\"@type\":\"ImageObject\",\"inLanguage\":\"fr-FR\",\"@id\":\"https:\\\/\\\/paroisse-nogent-le-roi.com\\\/index.php\\\/aumonerie-saint-martin\\\/#primaryimage\",\"url\":\"https:\\\/\\\/paroisse-nogent-le-roi.com\\\/wp-content\\\/uploads\\\/2025\\\/09\\\/Affiche-rentree-aumonerie-25-26.png\",\"contentUrl\":\"https:\\\/\\\/paroisse-nogent-le-roi.com\\\/wp-content\\\/uploads\\\/2025\\\/09\\\/Affiche-rentree-aumonerie-25-26.png\",\"width\":1414,\"height\":2000},{\"@type\":\"BreadcrumbList\",\"@id\":\"https:\\\/\\\/paroisse-nogent-le-roi.com\\\/index.php\\\/aumonerie-saint-martin\\\/#breadcrumb\",\"itemListElement\":[{\"@type\":\"ListItem\",\"position\":1,\"name\":\"Home\",\"item\":\"https:\\\/\\\/paroisse-nogent-le-roi.com\\\/\"},{\"@type\":\"ListItem\",\"position\":2,\"name\":\"Aum\u00f4nerie Saint-Martin 2025-2026\"}]},{\"@type\":\"WebSite\",\"@id\":\"https:\\\/\\\/paroisse-nogent-le-roi.com\\\/#website\",\"url\":\"https:\\\/\\\/paroisse-nogent-le-roi.com\\\/\",\"name\":\"Nogent-le-Roi\",\"description\":\"Paroisse catholique\",\"publisher\":{\"@id\":\"https:\\\/\\\/paroisse-nogent-le-roi.com\\\/#organization\"},\"potentialAction\":[{\"@type\":\"SearchAction\",\"target\":{\"@type\":\"EntryPoint\",\"urlTemplate\":\"https:\\\/\\\/paroisse-nogent-le-roi.com\\\/?s={search_term_string}\"},\"query-input\":{\"@type\":\"PropertyValueSpecification\",\"valueRequired\":true,\"valueName\":\"search_term_string\"}}],\"inLanguage\":\"fr-FR\"},{\"@type\":\"Organization\",\"@id\":\"https:\\\/\\\/paroisse-nogent-le-roi.com\\\/#organization\",\"name\":\"Paroisse Nogent-Le-Roi\",\"url\":\"https:\\\/\\\/paroisse-nogent-le-roi.com\\\/\",\"logo\":{\"@type\":\"ImageObject\",\"inLanguage\":\"fr-FR\",\"@id\":\"https:\\\/\\\/paroisse-nogent-le-roi.com\\\/#\\\/schema\\\/logo\\\/image\\\/\",\"url\":\"https:\\\/\\\/paroisse-nogent-le-roi.com\\\/wp-content\\\/uploads\\\/2019\\\/05\\\/logo-bleu.jpg\",\"contentUrl\":\"https:\\\/\\\/paroisse-nogent-le-roi.com\\\/wp-content\\\/uploads\\\/2019\\\/05\\\/logo-bleu.jpg\",\"width\":373,\"height\":353,\"caption\":\"Paroisse Nogent-Le-Roi\"},\"image\":{\"@id\":\"https:\\\/\\\/paroisse-nogent-le-roi.com\\\/#\\\/schema\\\/logo\\\/image\\\/\"},\"sameAs\":[\"https:\\\/\\\/www.instagram.com\\\/paroisses_ste_jeanne_st_yves\\\/\"]}]}<\/script>\n<!-- \/ Yoast SEO plugin. -->","yoast_head_json":{"title":"Aum\u00f4nerie Saint-Martin 2025-2026 - Nogent-le-Roi","robots":{"index":"index","follow":"follow","max-snippet":"max-snippet:-1","max-image-preview":"max-image-preview:large","max-video-preview":"max-video-preview:-1"},"canonical":"https:\/\/paroisse-nogent-le-roi.com\/index.php\/aumonerie-saint-martin\/","og_locale":"fr_FR","og_type":"article","og_title":"Aum\u00f4nerie Saint-Martin 2025-2026 - Nogent-le-Roi","og_description":"Comme l&#8217;an dernier, les 6e, qui pr\u00e9parent leur profession de foi et leur confirmation, se rassembleront en m\u00eame temps que les autres coll\u00e9giens, avec un enseignement \u00e0 part. Les horaires ont \u00e9t\u00e9 avanc\u00e9s pour mieux correspondre aux besoins des jeunes (18h30-21h30). Inscription 2025-2026 Si vous ne pouvez pas vous inscrire en ligne ou si vous&hellip;","og_url":"https:\/\/paroisse-nogent-le-roi.com\/index.php\/aumonerie-saint-martin\/","og_site_name":"Nogent-le-Roi","article_modified_time":"2025-09-12T14:57:21+00:00","og_image":[{"width":724,"height":1024,"url":"https:\/\/paroisse-nogent-le-roi.com\/wp-content\/uploads\/2025\/09\/Affiche-rentree-aumonerie-25-26-724x1024.png","type":"image\/png"}],"twitter_misc":{"Dur\u00e9e de lecture estim\u00e9e":"1 minute"},"schema":{"@context":"https:\/\/schema.org","@graph":[{"@type":"WebPage","@id":"https:\/\/paroisse-nogent-le-roi.com\/index.php\/aumonerie-saint-martin\/","url":"https:\/\/paroisse-nogent-le-roi.com\/index.php\/aumonerie-saint-martin\/","name":"Aum\u00f4nerie Saint-Martin 2025-2026 - Nogent-le-Roi","isPartOf":{"@id":"https:\/\/paroisse-nogent-le-roi.com\/#website"},"primaryImageOfPage":{"@id":"https:\/\/paroisse-nogent-le-roi.com\/index.php\/aumonerie-saint-martin\/#primaryimage"},"image":{"@id":"https:\/\/paroisse-nogent-le-roi.com\/index.php\/aumonerie-saint-martin\/#primaryimage"},"thumbnailUrl":"https:\/\/paroisse-nogent-le-roi.com\/wp-content\/uploads\/2025\/09\/Affiche-rentree-aumonerie-25-26-724x1024.png","datePublished":"2023-09-01T07:35:07+00:00","dateModified":"2025-09-12T14:57:21+00:00","breadcrumb":{"@id":"https:\/\/paroisse-nogent-le-roi.com\/index.php\/aumonerie-saint-martin\/#breadcrumb"},"inLanguage":"fr-FR","potentialAction":[{"@type":"ReadAction","target":["https:\/\/paroisse-nogent-le-roi.com\/index.php\/aumonerie-saint-martin\/"]}]},{"@type":"ImageObject","inLanguage":"fr-FR","@id":"https:\/\/paroisse-nogent-le-roi.com\/index.php\/aumonerie-saint-martin\/#primaryimage","url":"https:\/\/paroisse-nogent-le-roi.com\/wp-content\/uploads\/2025\/09\/Affiche-rentree-aumonerie-25-26.png","contentUrl":"https:\/\/paroisse-nogent-le-roi.com\/wp-content\/uploads\/2025\/09\/Affiche-rentree-aumonerie-25-26.png","width":1414,"height":2000},{"@type":"BreadcrumbList","@id":"https:\/\/paroisse-nogent-le-roi.com\/index.php\/aumonerie-saint-martin\/#breadcrumb","itemListElement":[{"@type":"ListItem","position":1,"name":"Home","item":"https:\/\/paroisse-nogent-le-roi.com\/"},{"@type":"ListItem","position":2,"name":"Aum\u00f4nerie Saint-Martin 2025-2026"}]},{"@type":"WebSite","@id":"https:\/\/paroisse-nogent-le-roi.com\/#website","url":"https:\/\/paroisse-nogent-le-roi.com\/","name":"Nogent-le-Roi","description":"Paroisse catholique","publisher":{"@id":"https:\/\/paroisse-nogent-le-roi.com\/#organization"},"potentialAction":[{"@type":"SearchAction","target":{"@type":"EntryPoint","urlTemplate":"https:\/\/paroisse-nogent-le-roi.com\/?s={search_term_string}"},"query-input":{"@type":"PropertyValueSpecification","valueRequired":true,"valueName":"search_term_string"}}],"inLanguage":"fr-FR"},{"@type":"Organization","@id":"https:\/\/paroisse-nogent-le-roi.com\/#organization","name":"Paroisse Nogent-Le-Roi","url":"https:\/\/paroisse-nogent-le-roi.com\/","logo":{"@type":"ImageObject","inLanguage":"fr-FR","@id":"https:\/\/paroisse-nogent-le-roi.com\/#\/schema\/logo\/image\/","url":"https:\/\/paroisse-nogent-le-roi.com\/wp-content\/uploads\/2019\/05\/logo-bleu.jpg","contentUrl":"https:\/\/paroisse-nogent-le-roi.com\/wp-content\/uploads\/2019\/05\/logo-bleu.jpg","width":373,"height":353,"caption":"Paroisse Nogent-Le-Roi"},"image":{"@id":"https:\/\/paroisse-nogent-le-roi.com\/#\/schema\/logo\/image\/"},"sameAs":["https:\/\/www.instagram.com\/paroisses_ste_jeanne_st_yves\/"]}]}},"_links":{"self":[{"href":"https:\/\/paroisse-nogent-le-roi.com\/index.php\/wp-json\/wp\/v2\/pages\/314","targetHints":{"allow":["GET"]}}],"collection":[{"href":"https:\/\/paroisse-nogent-le-roi.com\/index.php\/wp-json\/wp\/v2\/pages"}],"about":[{"href":"https:\/\/paroisse-nogent-le-roi.com\/index.php\/wp-json\/wp\/v2\/types\/page"}],"author":[{"embeddable":true,"href":"https:\/\/paroisse-nogent-le-roi.com\/index.php\/wp-json\/wp\/v2\/users\/6"}],"replies":[{"embeddable":true,"href":"https:\/\/paroisse-nogent-le-roi.com\/index.php\/wp-json\/wp\/v2\/comments?post=314"}],"version-history":[{"count":43,"href":"https:\/\/paroisse-nogent-le-roi.com\/index.php\/wp-json\/wp\/v2\/pages\/314\/revisions"}],"predecessor-version":[{"id":5019,"href":"https:\/\/paroisse-nogent-le-roi.com\/index.php\/wp-json\/wp\/v2\/pages\/314\/revisions\/5019"}],"wp:attachment":[{"href":"https:\/\/paroisse-nogent-le-roi.com\/index.php\/wp-json\/wp\/v2\/media?parent=314"}],"curies":[{"name":"wp","href":"https:\/\/api.w.org\/{rel}","templated":true}]}}