{"id":1602,"date":"2022-12-01T11:43:33","date_gmt":"2022-12-01T10:43:33","guid":{"rendered":"http:\/\/paroisse-nogent-le-roi.com\/?page_id=1602"},"modified":"2024-11-22T14:27:47","modified_gmt":"2024-11-22T13:27:47","slug":"aumonerie-camp-ski","status":"publish","type":"page","link":"https:\/\/paroisse-nogent-le-roi.com\/index.php\/aumonerie-camp-ski\/","title":{"rendered":"Aum\u00f4nerie : camp ski 2025"},"content":{"rendered":"\n<div style=\"height:61px\" aria-hidden=\"true\" class=\"wp-block-spacer\"><\/div>\n\n\n\n<h2 class=\"wp-block-heading\">Camp ski-spi 2025 du 8 au 15 f\u00e9vrier 2025 dans les Alpes<\/h2>\n\n\n\n<div style=\"height:46px\" aria-hidden=\"true\" class=\"wp-block-spacer\"><\/div>\n\n\n<div class=\"wp-block-image\">\n<figure data-wp-context=\"{&quot;imageId&quot;:&quot;69de65fc2fcf2&quot;}\" data-wp-interactive=\"core\/image\" data-wp-key=\"69de65fc2fcf2\" class=\"aligncenter size-full is-resized wp-lightbox-container\"><img loading=\"lazy\" decoding=\"async\" width=\"1587\" height=\"2245\" data-wp-class--hide=\"state.isContentHidden\" data-wp-class--show=\"state.isContentVisible\" data-wp-init=\"callbacks.setButtonStyles\" data-wp-on--click=\"actions.showLightbox\" data-wp-on--load=\"callbacks.setButtonStyles\" data-wp-on-window--resize=\"callbacks.setButtonStyles\" src=\"https:\/\/paroisse-nogent-le-roi.com\/wp-content\/uploads\/2024\/11\/CAMP-SKI-2025.jpg\" alt=\"\" class=\"wp-image-4833\" style=\"width:482px;height:auto\" srcset=\"https:\/\/paroisse-nogent-le-roi.com\/wp-content\/uploads\/2024\/11\/CAMP-SKI-2025.jpg 1587w, https:\/\/paroisse-nogent-le-roi.com\/wp-content\/uploads\/2024\/11\/CAMP-SKI-2025-212x300.jpg 212w, https:\/\/paroisse-nogent-le-roi.com\/wp-content\/uploads\/2024\/11\/CAMP-SKI-2025-724x1024.jpg 724w, https:\/\/paroisse-nogent-le-roi.com\/wp-content\/uploads\/2024\/11\/CAMP-SKI-2025-768x1086.jpg 768w, https:\/\/paroisse-nogent-le-roi.com\/wp-content\/uploads\/2024\/11\/CAMP-SKI-2025-1086x1536.jpg 1086w, https:\/\/paroisse-nogent-le-roi.com\/wp-content\/uploads\/2024\/11\/CAMP-SKI-2025-1448x2048.jpg 1448w\" sizes=\"auto, (max-width: 1587px) 100vw, 1587px\" \/><button\n\t\t\tclass=\"lightbox-trigger\"\n\t\t\ttype=\"button\"\n\t\t\taria-haspopup=\"dialog\"\n\t\t\taria-label=\"Agrandir\"\n\t\t\tdata-wp-init=\"callbacks.initTriggerButton\"\n\t\t\tdata-wp-on--click=\"actions.showLightbox\"\n\t\t\tdata-wp-style--right=\"state.imageButtonRight\"\n\t\t\tdata-wp-style--top=\"state.imageButtonTop\"\n\t\t>\n\t\t\t<svg xmlns=\"http:\/\/www.w3.org\/2000\/svg\" width=\"12\" height=\"12\" fill=\"none\" viewBox=\"0 0 12 12\">\n\t\t\t\t<path fill=\"#fff\" d=\"M2 0a2 2 0 0 0-2 2v2h1.5V2a.5.5 0 0 1 .5-.5h2V0H2Zm2 10.5H2a.5.5 0 0 1-.5-.5V8H0v2a2 2 0 0 0 2 2h2v-1.5ZM8 12v-1.5h2a.5.5 0 0 0 .5-.5V8H12v2a2 2 0 0 1-2 2H8Zm2-12a2 2 0 0 1 2 2v2h-1.5V2a.5.5 0 0 0-.5-.5H8V0h2Z\" \/>\n\t\t\t<\/svg>\n\t\t<\/button><\/figure>\n<\/div>\n\n\n<div style=\"height:47px\" aria-hidden=\"true\" class=\"wp-block-spacer\"><\/div>\n\n\n\n<h3 class=\"wp-block-heading\"><a href=\"https:\/\/jeunesse-mortagne.assoconnect.com\/collect\/description\/494143-m-camp-ski-2025-inscriptions-jeunes\" target=\"_blank\" rel=\"noreferrer noopener\">Les inscriptions sont ouvertes&nbsp;!<\/a> <\/h3>\n\n\n\n<div style=\"height:46px\" aria-hidden=\"true\" class=\"wp-block-spacer\"><\/div>\n\n\n<div class=\"wp-block-image\">\n<figure class=\"alignright size-full\"><img loading=\"lazy\" decoding=\"async\" width=\"380\" height=\"214\" src=\"https:\/\/paroisse-nogent-le-roi.com\/wp-content\/uploads\/2023\/11\/depositphotos_9724779-stock-photo-skiing.jpg\" alt=\"\" class=\"wp-image-4074\" srcset=\"https:\/\/paroisse-nogent-le-roi.com\/wp-content\/uploads\/2023\/11\/depositphotos_9724779-stock-photo-skiing.jpg 380w, https:\/\/paroisse-nogent-le-roi.com\/wp-content\/uploads\/2023\/11\/depositphotos_9724779-stock-photo-skiing-300x169.jpg 300w\" sizes=\"auto, (max-width: 380px) 100vw, 380px\" \/><\/figure>\n<\/div>\n\n\n<h2 class=\"wp-block-heading\">Un camp ski-spi, c&#8217;est quoi&nbsp;<\/h2>\n\n\n\n<p>Un s\u00e9jour ouvert aux jeunes de 12 \u00e0 17 ans (5\u00e8me \u00e0&nbsp; la Terminale) pour vivre une exp\u00e9rience unique de camp o\u00f9 ski, d\u00e9tente, vie familiale, d\u00e9couverte et rencontre du Christ sont l\u2019occasion de cr\u00e9er des souvenirs inoubliables &#8211; les souvenirs du dernier camp sont&nbsp;visionnaires ci-contre&nbsp;!<\/p>\n\n\n\n<h2 class=\"wp-block-heading\">Et&nbsp;le programme d&#8217;une journ\u00e9e&nbsp;?<\/h2>\n\n\n\n<p>Le programme habituel d\u2019une journ\u00e9e est le suivant&nbsp;: lever et petit-d\u00e9jeuner \u2013 pr\u00e9paration des pique-niques puis messe \u00e0 9h15. D\u00e9part pour les pistes vers 10h et activit\u00e9 ski en groupes de niveau jusqu\u2019\u00e0 16h30 (pique-nique sur les pistes). Retour au chalet et douche \/ temps libre. Temps d\u2019ateliers en petit groupe autour de th\u00e8mes vari\u00e9s vers 18h30 puis d\u00eener et veill\u00e9es (jeux de soci\u00e9t\u00e9, veill\u00e9es festives, veill\u00e9e spi).<\/p>\n\n\n<div class=\"wp-block-image\">\n<figure class=\"alignleft is-resized\"><img decoding=\"async\" src=\"https:\/\/site.assoconnect.com\/services\/storage?id=1995051&amp;type=picture&amp;secret=ODuJIPEXIE9XsRDs4FfihTxfLbNGytsRONa8yyoc&amp;timestamp=1637925652\" alt=\"\" style=\"width:481px;height:auto\"\/><\/figure>\n<\/div>\n\n\n<h2 class=\"wp-block-heading\">Quel est l&#8217;\u00e9tat d&#8217;esprit du camp&nbsp;?<\/h2>\n\n\n\n<p>Il est important que chaque jeune d\u00e9sire vivre l\u2019esprit du camp, esprit chr\u00e9tien et familial, garanti par le respect de certaines r\u00e8gles de vie. Nous veillerons \u00e0 l\u2019expliquer \u00e0 tous et \u00e0 permettre \u00e0 chacun de se sentir responsable du bien commun, mat\u00e9riel bien s\u00fbr, mais surtout humain et spirituel. Pour cette raison, nous nous gardons la possibilit\u00e9, en cas de probl\u00e8me, de raccompagner tout jeune qui ne respecte pas ce contrat moral.<\/p>\n\n\n<div class=\"wp-block-image\">\n<figure class=\"alignright size-full\"><img loading=\"lazy\" decoding=\"async\" width=\"380\" height=\"253\" src=\"https:\/\/paroisse-nogent-le-roi.com\/wp-content\/uploads\/2023\/11\/depositphotos_71936129-stock-photo-ski-on-italian-alps.jpg\" alt=\"\" class=\"wp-image-4073\" srcset=\"https:\/\/paroisse-nogent-le-roi.com\/wp-content\/uploads\/2023\/11\/depositphotos_71936129-stock-photo-ski-on-italian-alps.jpg 380w, https:\/\/paroisse-nogent-le-roi.com\/wp-content\/uploads\/2023\/11\/depositphotos_71936129-stock-photo-ski-on-italian-alps-300x200.jpg 300w\" sizes=\"auto, (max-width: 380px) 100vw, 380px\" \/><\/figure>\n<\/div>\n\n\n<h2 class=\"wp-block-heading\">Combien \u00e7a co\u00fbte&nbsp;?<\/h2>\n\n\n\n<p>Le tarif propos\u00e9 est de 300 \u20ac. Merci de faire attention \u00e0 bien pr\u00e9ciser \u00ab&nbsp;Nogent-Maintenon&nbsp;\u00bb au moment de choisir le tarif, le montant n\u2019est pas le m\u00eame pour les deux aum\u00f4neries (gr\u00e2ce au march\u00e9 de No\u00ebl et au loto) et les places de chacune sont r\u00e9parties&nbsp;!<br><\/p>\n\n\n\n<p>Le camp est d\u00e9clar\u00e9 Jeunesse &amp; Sport aussi pouvez-vous b\u00e9n\u00e9ficier des bons CAF ou autres aides (CE, bons ANCV, MSA etc).<\/p>\n\n\n\n<h2 class=\"wp-block-heading\">Qui encadre le camp&nbsp;?<\/h2>\n\n\n\n<p>Pour 2025, le camp sera jumel\u00e9 avec l\u2019aum\u00f4nerie de Mortagne.&nbsp;Le camp sera encadr\u00e9 par une \u00e9quipe d\u2019animation constitu\u00e9e de directeurs et animateurs qualifi\u00e9s, r\u00e9pondant aux normes DDCS.<\/p>\n\n\n\n<div style=\"height:58px\" aria-hidden=\"true\" class=\"wp-block-spacer\"><\/div>\n\n\n\n<div class=\"wp-block-buttons has-custom-font-size has-large-font-size is-content-justification-center is-layout-flex wp-container-core-buttons-is-layout-16018d1d wp-block-buttons-is-layout-flex\">\n<div class=\"wp-block-button\"><a class=\"wp-block-button__link has-white-color has-vivid-cyan-blue-background-color has-text-color has-background has-link-color wp-element-button\" href=\"https:\/\/jeunesse-mortagne.assoconnect.com\/collect\/description\/494143-m-camp-ski-2025-inscriptions-jeunes\" target=\"_blank\" rel=\"noreferrer noopener\">Cliquer pour s&#8217;inscrire<\/a><\/div>\n<\/div>\n\n\n\n<div style=\"height:58px\" aria-hidden=\"true\" class=\"wp-block-spacer\"><\/div>\n","protected":false},"excerpt":{"rendered":"<p>Camp ski-spi 2025 du 8 au 15 f\u00e9vrier 2025 dans les Alpes Les inscriptions sont ouvertes&nbsp;! Un camp ski-spi, c&#8217;est quoi&nbsp; Un s\u00e9jour ouvert aux jeunes de 12 \u00e0 17 ans (5\u00e8me \u00e0&nbsp; la Terminale) pour vivre une exp\u00e9rience unique de camp o\u00f9 ski, d\u00e9tente, vie familiale, d\u00e9couverte et rencontre du Christ sont l\u2019occasion de&hellip;<\/p>\n","protected":false},"author":6,"featured_media":1610,"parent":0,"menu_order":0,"comment_status":"closed","ping_status":"closed","template":"","meta":{"_monsterinsights_skip_tracking":false,"_monsterinsights_sitenote_active":false,"_monsterinsights_sitenote_note":"","_monsterinsights_sitenote_category":0,"footnotes":""},"class_list":["post-1602","page","type-page","status-publish","has-post-thumbnail","hentry"],"yoast_head":"<!-- This site is optimized with the Yoast SEO plugin v27.4 - https:\/\/yoast.com\/product\/yoast-seo-wordpress\/ -->\n<title>Aum\u00f4nerie : camp ski 2025 - Nogent-le-Roi<\/title>\n<meta name=\"robots\" content=\"index, follow, max-snippet:-1, max-image-preview:large, max-video-preview:-1\" \/>\n<link rel=\"canonical\" href=\"https:\/\/paroisse-nogent-le-roi.com\/index.php\/aumonerie-camp-ski\/\" \/>\n<meta property=\"og:locale\" content=\"fr_FR\" \/>\n<meta property=\"og:type\" content=\"article\" \/>\n<meta property=\"og:title\" content=\"Aum\u00f4nerie : camp ski 2025 - Nogent-le-Roi\" \/>\n<meta property=\"og:description\" content=\"Camp ski-spi 2025 du 8 au 15 f\u00e9vrier 2025 dans les Alpes Les inscriptions sont ouvertes&nbsp;! Un camp ski-spi, c&#8217;est quoi&nbsp; Un s\u00e9jour ouvert aux jeunes de 12 \u00e0 17 ans (5\u00e8me \u00e0&nbsp; la Terminale) pour vivre une exp\u00e9rience unique de camp o\u00f9 ski, d\u00e9tente, vie familiale, d\u00e9couverte et rencontre du Christ sont l\u2019occasion de&hellip;\" \/>\n<meta property=\"og:url\" content=\"https:\/\/paroisse-nogent-le-roi.com\/index.php\/aumonerie-camp-ski\/\" \/>\n<meta property=\"og:site_name\" content=\"Nogent-le-Roi\" \/>\n<meta property=\"article:modified_time\" content=\"2024-11-22T13:27:47+00:00\" \/>\n<meta property=\"og:image\" content=\"https:\/\/paroisse-nogent-le-roi.com\/wp-content\/uploads\/2020\/12\/20200218_115707-scaled-e1669729264699.jpg\" \/>\n\t<meta property=\"og:image:width\" content=\"1200\" \/>\n\t<meta property=\"og:image:height\" content=\"900\" \/>\n\t<meta property=\"og:image:type\" content=\"image\/jpeg\" \/>\n<meta name=\"twitter:label1\" content=\"Dur\u00e9e de lecture estim\u00e9e\" \/>\n\t<meta name=\"twitter:data1\" content=\"4 minutes\" \/>\n<script type=\"application\/ld+json\" class=\"yoast-schema-graph\">{\"@context\":\"https:\\\/\\\/schema.org\",\"@graph\":[{\"@type\":\"WebPage\",\"@id\":\"https:\\\/\\\/paroisse-nogent-le-roi.com\\\/index.php\\\/aumonerie-camp-ski\\\/\",\"url\":\"https:\\\/\\\/paroisse-nogent-le-roi.com\\\/index.php\\\/aumonerie-camp-ski\\\/\",\"name\":\"Aum\u00f4nerie : camp ski 2025 - Nogent-le-Roi\",\"isPartOf\":{\"@id\":\"https:\\\/\\\/paroisse-nogent-le-roi.com\\\/#website\"},\"primaryImageOfPage\":{\"@id\":\"https:\\\/\\\/paroisse-nogent-le-roi.com\\\/index.php\\\/aumonerie-camp-ski\\\/#primaryimage\"},\"image\":{\"@id\":\"https:\\\/\\\/paroisse-nogent-le-roi.com\\\/index.php\\\/aumonerie-camp-ski\\\/#primaryimage\"},\"thumbnailUrl\":\"https:\\\/\\\/paroisse-nogent-le-roi.com\\\/wp-content\\\/uploads\\\/2020\\\/12\\\/20200218_115707-scaled-e1669729264699.jpg\",\"datePublished\":\"2022-12-01T10:43:33+00:00\",\"dateModified\":\"2024-11-22T13:27:47+00:00\",\"breadcrumb\":{\"@id\":\"https:\\\/\\\/paroisse-nogent-le-roi.com\\\/index.php\\\/aumonerie-camp-ski\\\/#breadcrumb\"},\"inLanguage\":\"fr-FR\",\"potentialAction\":[{\"@type\":\"ReadAction\",\"target\":[\"https:\\\/\\\/paroisse-nogent-le-roi.com\\\/index.php\\\/aumonerie-camp-ski\\\/\"]}]},{\"@type\":\"ImageObject\",\"inLanguage\":\"fr-FR\",\"@id\":\"https:\\\/\\\/paroisse-nogent-le-roi.com\\\/index.php\\\/aumonerie-camp-ski\\\/#primaryimage\",\"url\":\"https:\\\/\\\/paroisse-nogent-le-roi.com\\\/wp-content\\\/uploads\\\/2020\\\/12\\\/20200218_115707-scaled-e1669729264699.jpg\",\"contentUrl\":\"https:\\\/\\\/paroisse-nogent-le-roi.com\\\/wp-content\\\/uploads\\\/2020\\\/12\\\/20200218_115707-scaled-e1669729264699.jpg\",\"width\":1200,\"height\":900},{\"@type\":\"BreadcrumbList\",\"@id\":\"https:\\\/\\\/paroisse-nogent-le-roi.com\\\/index.php\\\/aumonerie-camp-ski\\\/#breadcrumb\",\"itemListElement\":[{\"@type\":\"ListItem\",\"position\":1,\"name\":\"Home\",\"item\":\"https:\\\/\\\/paroisse-nogent-le-roi.com\\\/\"},{\"@type\":\"ListItem\",\"position\":2,\"name\":\"Aum\u00f4nerie : camp ski 2025\"}]},{\"@type\":\"WebSite\",\"@id\":\"https:\\\/\\\/paroisse-nogent-le-roi.com\\\/#website\",\"url\":\"https:\\\/\\\/paroisse-nogent-le-roi.com\\\/\",\"name\":\"Nogent-le-Roi\",\"description\":\"Paroisse catholique\",\"publisher\":{\"@id\":\"https:\\\/\\\/paroisse-nogent-le-roi.com\\\/#organization\"},\"potentialAction\":[{\"@type\":\"SearchAction\",\"target\":{\"@type\":\"EntryPoint\",\"urlTemplate\":\"https:\\\/\\\/paroisse-nogent-le-roi.com\\\/?s={search_term_string}\"},\"query-input\":{\"@type\":\"PropertyValueSpecification\",\"valueRequired\":true,\"valueName\":\"search_term_string\"}}],\"inLanguage\":\"fr-FR\"},{\"@type\":\"Organization\",\"@id\":\"https:\\\/\\\/paroisse-nogent-le-roi.com\\\/#organization\",\"name\":\"Paroisse Nogent-Le-Roi\",\"url\":\"https:\\\/\\\/paroisse-nogent-le-roi.com\\\/\",\"logo\":{\"@type\":\"ImageObject\",\"inLanguage\":\"fr-FR\",\"@id\":\"https:\\\/\\\/paroisse-nogent-le-roi.com\\\/#\\\/schema\\\/logo\\\/image\\\/\",\"url\":\"https:\\\/\\\/paroisse-nogent-le-roi.com\\\/wp-content\\\/uploads\\\/2019\\\/05\\\/logo-bleu.jpg\",\"contentUrl\":\"https:\\\/\\\/paroisse-nogent-le-roi.com\\\/wp-content\\\/uploads\\\/2019\\\/05\\\/logo-bleu.jpg\",\"width\":373,\"height\":353,\"caption\":\"Paroisse Nogent-Le-Roi\"},\"image\":{\"@id\":\"https:\\\/\\\/paroisse-nogent-le-roi.com\\\/#\\\/schema\\\/logo\\\/image\\\/\"},\"sameAs\":[\"https:\\\/\\\/www.instagram.com\\\/paroisses_ste_jeanne_st_yves\\\/\"]}]}<\/script>\n<!-- \/ Yoast SEO plugin. -->","yoast_head_json":{"title":"Aum\u00f4nerie : camp ski 2025 - Nogent-le-Roi","robots":{"index":"index","follow":"follow","max-snippet":"max-snippet:-1","max-image-preview":"max-image-preview:large","max-video-preview":"max-video-preview:-1"},"canonical":"https:\/\/paroisse-nogent-le-roi.com\/index.php\/aumonerie-camp-ski\/","og_locale":"fr_FR","og_type":"article","og_title":"Aum\u00f4nerie : camp ski 2025 - Nogent-le-Roi","og_description":"Camp ski-spi 2025 du 8 au 15 f\u00e9vrier 2025 dans les Alpes Les inscriptions sont ouvertes&nbsp;! Un camp ski-spi, c&#8217;est quoi&nbsp; Un s\u00e9jour ouvert aux jeunes de 12 \u00e0 17 ans (5\u00e8me \u00e0&nbsp; la Terminale) pour vivre une exp\u00e9rience unique de camp o\u00f9 ski, d\u00e9tente, vie familiale, d\u00e9couverte et rencontre du Christ sont l\u2019occasion de&hellip;","og_url":"https:\/\/paroisse-nogent-le-roi.com\/index.php\/aumonerie-camp-ski\/","og_site_name":"Nogent-le-Roi","article_modified_time":"2024-11-22T13:27:47+00:00","og_image":[{"width":1200,"height":900,"url":"https:\/\/paroisse-nogent-le-roi.com\/wp-content\/uploads\/2020\/12\/20200218_115707-scaled-e1669729264699.jpg","type":"image\/jpeg"}],"twitter_misc":{"Dur\u00e9e de lecture estim\u00e9e":"4 minutes"},"schema":{"@context":"https:\/\/schema.org","@graph":[{"@type":"WebPage","@id":"https:\/\/paroisse-nogent-le-roi.com\/index.php\/aumonerie-camp-ski\/","url":"https:\/\/paroisse-nogent-le-roi.com\/index.php\/aumonerie-camp-ski\/","name":"Aum\u00f4nerie : camp ski 2025 - Nogent-le-Roi","isPartOf":{"@id":"https:\/\/paroisse-nogent-le-roi.com\/#website"},"primaryImageOfPage":{"@id":"https:\/\/paroisse-nogent-le-roi.com\/index.php\/aumonerie-camp-ski\/#primaryimage"},"image":{"@id":"https:\/\/paroisse-nogent-le-roi.com\/index.php\/aumonerie-camp-ski\/#primaryimage"},"thumbnailUrl":"https:\/\/paroisse-nogent-le-roi.com\/wp-content\/uploads\/2020\/12\/20200218_115707-scaled-e1669729264699.jpg","datePublished":"2022-12-01T10:43:33+00:00","dateModified":"2024-11-22T13:27:47+00:00","breadcrumb":{"@id":"https:\/\/paroisse-nogent-le-roi.com\/index.php\/aumonerie-camp-ski\/#breadcrumb"},"inLanguage":"fr-FR","potentialAction":[{"@type":"ReadAction","target":["https:\/\/paroisse-nogent-le-roi.com\/index.php\/aumonerie-camp-ski\/"]}]},{"@type":"ImageObject","inLanguage":"fr-FR","@id":"https:\/\/paroisse-nogent-le-roi.com\/index.php\/aumonerie-camp-ski\/#primaryimage","url":"https:\/\/paroisse-nogent-le-roi.com\/wp-content\/uploads\/2020\/12\/20200218_115707-scaled-e1669729264699.jpg","contentUrl":"https:\/\/paroisse-nogent-le-roi.com\/wp-content\/uploads\/2020\/12\/20200218_115707-scaled-e1669729264699.jpg","width":1200,"height":900},{"@type":"BreadcrumbList","@id":"https:\/\/paroisse-nogent-le-roi.com\/index.php\/aumonerie-camp-ski\/#breadcrumb","itemListElement":[{"@type":"ListItem","position":1,"name":"Home","item":"https:\/\/paroisse-nogent-le-roi.com\/"},{"@type":"ListItem","position":2,"name":"Aum\u00f4nerie : camp ski 2025"}]},{"@type":"WebSite","@id":"https:\/\/paroisse-nogent-le-roi.com\/#website","url":"https:\/\/paroisse-nogent-le-roi.com\/","name":"Nogent-le-Roi","description":"Paroisse catholique","publisher":{"@id":"https:\/\/paroisse-nogent-le-roi.com\/#organization"},"potentialAction":[{"@type":"SearchAction","target":{"@type":"EntryPoint","urlTemplate":"https:\/\/paroisse-nogent-le-roi.com\/?s={search_term_string}"},"query-input":{"@type":"PropertyValueSpecification","valueRequired":true,"valueName":"search_term_string"}}],"inLanguage":"fr-FR"},{"@type":"Organization","@id":"https:\/\/paroisse-nogent-le-roi.com\/#organization","name":"Paroisse Nogent-Le-Roi","url":"https:\/\/paroisse-nogent-le-roi.com\/","logo":{"@type":"ImageObject","inLanguage":"fr-FR","@id":"https:\/\/paroisse-nogent-le-roi.com\/#\/schema\/logo\/image\/","url":"https:\/\/paroisse-nogent-le-roi.com\/wp-content\/uploads\/2019\/05\/logo-bleu.jpg","contentUrl":"https:\/\/paroisse-nogent-le-roi.com\/wp-content\/uploads\/2019\/05\/logo-bleu.jpg","width":373,"height":353,"caption":"Paroisse Nogent-Le-Roi"},"image":{"@id":"https:\/\/paroisse-nogent-le-roi.com\/#\/schema\/logo\/image\/"},"sameAs":["https:\/\/www.instagram.com\/paroisses_ste_jeanne_st_yves\/"]}]}},"_links":{"self":[{"href":"https:\/\/paroisse-nogent-le-roi.com\/index.php\/wp-json\/wp\/v2\/pages\/1602","targetHints":{"allow":["GET"]}}],"collection":[{"href":"https:\/\/paroisse-nogent-le-roi.com\/index.php\/wp-json\/wp\/v2\/pages"}],"about":[{"href":"https:\/\/paroisse-nogent-le-roi.com\/index.php\/wp-json\/wp\/v2\/types\/page"}],"author":[{"embeddable":true,"href":"https:\/\/paroisse-nogent-le-roi.com\/index.php\/wp-json\/wp\/v2\/users\/6"}],"replies":[{"embeddable":true,"href":"https:\/\/paroisse-nogent-le-roi.com\/index.php\/wp-json\/wp\/v2\/comments?post=1602"}],"version-history":[{"count":47,"href":"https:\/\/paroisse-nogent-le-roi.com\/index.php\/wp-json\/wp\/v2\/pages\/1602\/revisions"}],"predecessor-version":[{"id":4843,"href":"https:\/\/paroisse-nogent-le-roi.com\/index.php\/wp-json\/wp\/v2\/pages\/1602\/revisions\/4843"}],"wp:featuredmedia":[{"embeddable":true,"href":"https:\/\/paroisse-nogent-le-roi.com\/index.php\/wp-json\/wp\/v2\/media\/1610"}],"wp:attachment":[{"href":"https:\/\/paroisse-nogent-le-roi.com\/index.php\/wp-json\/wp\/v2\/media?parent=1602"}],"curies":[{"name":"wp","href":"https:\/\/api.w.org\/{rel}","templated":true}]}}