{"id":1309,"date":"2020-10-06T14:53:56","date_gmt":"2020-10-06T12:53:56","guid":{"rendered":"http:\/\/paroisse-nogent-le-roi.com\/?page_id=1309"},"modified":"2025-09-30T17:20:00","modified_gmt":"2025-09-30T15:20:00","slug":"panier-du-cure","status":"publish","type":"page","link":"https:\/\/paroisse-nogent-le-roi.com\/index.php\/panier-du-cure\/","title":{"rendered":"Panier du cur\u00e9"},"content":{"rendered":"<div class=\"wp-block-image\">\n<figure class=\"aligncenter size-full is-resized\"><img loading=\"lazy\" decoding=\"async\" width=\"512\" height=\"512\" src=\"https:\/\/paroisse-nogent-le-roi.com\/wp-content\/uploads\/2023\/11\/Sans-titre.png\" alt=\"\" class=\"wp-image-4066\" style=\"width:308px;height:auto\" srcset=\"https:\/\/paroisse-nogent-le-roi.com\/wp-content\/uploads\/2023\/11\/Sans-titre.png 512w, https:\/\/paroisse-nogent-le-roi.com\/wp-content\/uploads\/2023\/11\/Sans-titre-300x300.png 300w, https:\/\/paroisse-nogent-le-roi.com\/wp-content\/uploads\/2023\/11\/Sans-titre-150x150.png 150w\" sizes=\"auto, (max-width: 512px) 100vw, 512px\" \/><\/figure>\n<\/div>\n\n\n<p>Vous souhaitez aider nos pr\u00eatres dans leur organisation quotidienne ? Un service simple et \u00e0 la port\u00e9e de tous existe : le <strong>Panier du Cur\u00e9<\/strong> !<\/p>\n\n\n\n<p>Pour permettre \u00e0 nos pr\u00eatres de se consacrer encore plus \u00e0 leur mission en leur faisant gagner un temps pr\u00e9cieux, voici la formule que nous vous proposons : un volontaire apporte, <strong>une fois par mois<\/strong> seulement, le <strong>plat principal du d\u00e9jeuner<\/strong>. \u00a0\u00a0<\/p>\n\n\n\n<p>Inutile de rivaliser de cr\u00e9ativit\u00e9 culinaire et de passer des heures derri\u00e8re vos fourneaux : des repas simples, type &#8220;m\u00e8re de famille&#8221;, du quotidien, seront d\u00e9j\u00e0 tr\u00e8s appr\u00e9ci\u00e9s.<br>Nous avons besoin de vous pour \u00e9toffer les \u00e9quipes, en semaine ou le week-end. Nous nous adaptons \u00e0 vos disponibilit\u00e9s !<br>L\u2019int\u00e9r\u00eat \u00e9tant de gagner du temps et non de l\u2019argent, nos pr\u00eatres pr\u00e9cisent que vous pouvez joindre en toute simplicit\u00e9 une facture (pour tout ou partie de votre menu).<\/p>\n\n\n\n<p><strong>N&#8217;h\u00e9sitez pas \u00e0 vous renseigner aupr\u00e8s de la coordinatrice, Am\u00e9lie H\u00e9riard, au 06 70 95 79 45. A bient\u00f4t !<\/strong><\/p>\n\n\n\n<div class=\"wp-block-group\"><div class=\"wp-block-group__inner-container is-layout-constrained wp-block-group-is-layout-constrained\">\n<p><a href=\"https:\/\/panier-du-cure.fr\/\" target=\"_blank\" rel=\"noreferrer noopener\">Le Panier du Cur\u00e9, partout en France.<\/a><\/p>\n<\/div><\/div>\n","protected":false},"excerpt":{"rendered":"<p>Vous souhaitez aider nos pr\u00eatres dans leur organisation quotidienne ? Un service simple et \u00e0 la port\u00e9e de tous existe : le Panier du Cur\u00e9 ! Pour permettre \u00e0 nos pr\u00eatres de se consacrer encore plus \u00e0 leur mission en leur faisant gagner un temps pr\u00e9cieux, voici la formule que nous vous proposons : un&hellip;<\/p>\n","protected":false},"author":6,"featured_media":0,"parent":0,"menu_order":0,"comment_status":"closed","ping_status":"closed","template":"","meta":{"_monsterinsights_skip_tracking":false,"_monsterinsights_sitenote_active":false,"_monsterinsights_sitenote_note":"","_monsterinsights_sitenote_category":0,"footnotes":""},"class_list":["post-1309","page","type-page","status-publish","hentry"],"yoast_head":"<!-- This site is optimized with the Yoast SEO plugin v27.3 - https:\/\/yoast.com\/product\/yoast-seo-wordpress\/ -->\n<title>Panier du cur\u00e9 - Nogent-le-Roi<\/title>\n<meta name=\"robots\" content=\"index, follow, max-snippet:-1, max-image-preview:large, max-video-preview:-1\" \/>\n<link rel=\"canonical\" href=\"https:\/\/paroisse-nogent-le-roi.com\/index.php\/panier-du-cure\/\" \/>\n<meta property=\"og:locale\" content=\"fr_FR\" \/>\n<meta property=\"og:type\" content=\"article\" \/>\n<meta property=\"og:title\" content=\"Panier du cur\u00e9 - Nogent-le-Roi\" \/>\n<meta property=\"og:description\" content=\"Vous souhaitez aider nos pr\u00eatres dans leur organisation quotidienne ? Un service simple et \u00e0 la port\u00e9e de tous existe : le Panier du Cur\u00e9 ! Pour permettre \u00e0 nos pr\u00eatres de se consacrer encore plus \u00e0 leur mission en leur faisant gagner un temps pr\u00e9cieux, voici la formule que nous vous proposons : un&hellip;\" \/>\n<meta property=\"og:url\" content=\"https:\/\/paroisse-nogent-le-roi.com\/index.php\/panier-du-cure\/\" \/>\n<meta property=\"og:site_name\" content=\"Nogent-le-Roi\" \/>\n<meta property=\"article:modified_time\" content=\"2025-09-30T15:20:00+00:00\" \/>\n<meta property=\"og:image\" content=\"https:\/\/paroisse-nogent-le-roi.com\/wp-content\/uploads\/2023\/11\/Sans-titre.png\" \/>\n\t<meta property=\"og:image:width\" content=\"512\" \/>\n\t<meta property=\"og:image:height\" content=\"512\" \/>\n\t<meta property=\"og:image:type\" content=\"image\/png\" \/>\n<meta name=\"twitter:label1\" content=\"Dur\u00e9e de lecture estim\u00e9e\" \/>\n\t<meta name=\"twitter:data1\" content=\"1 minute\" \/>\n<script type=\"application\/ld+json\" class=\"yoast-schema-graph\">{\"@context\":\"https:\\\/\\\/schema.org\",\"@graph\":[{\"@type\":\"WebPage\",\"@id\":\"https:\\\/\\\/paroisse-nogent-le-roi.com\\\/index.php\\\/panier-du-cure\\\/\",\"url\":\"https:\\\/\\\/paroisse-nogent-le-roi.com\\\/index.php\\\/panier-du-cure\\\/\",\"name\":\"Panier du cur\u00e9 - Nogent-le-Roi\",\"isPartOf\":{\"@id\":\"https:\\\/\\\/paroisse-nogent-le-roi.com\\\/#website\"},\"primaryImageOfPage\":{\"@id\":\"https:\\\/\\\/paroisse-nogent-le-roi.com\\\/index.php\\\/panier-du-cure\\\/#primaryimage\"},\"image\":{\"@id\":\"https:\\\/\\\/paroisse-nogent-le-roi.com\\\/index.php\\\/panier-du-cure\\\/#primaryimage\"},\"thumbnailUrl\":\"https:\\\/\\\/paroisse-nogent-le-roi.com\\\/wp-content\\\/uploads\\\/2023\\\/11\\\/Sans-titre.png\",\"datePublished\":\"2020-10-06T12:53:56+00:00\",\"dateModified\":\"2025-09-30T15:20:00+00:00\",\"breadcrumb\":{\"@id\":\"https:\\\/\\\/paroisse-nogent-le-roi.com\\\/index.php\\\/panier-du-cure\\\/#breadcrumb\"},\"inLanguage\":\"fr-FR\",\"potentialAction\":[{\"@type\":\"ReadAction\",\"target\":[\"https:\\\/\\\/paroisse-nogent-le-roi.com\\\/index.php\\\/panier-du-cure\\\/\"]}]},{\"@type\":\"ImageObject\",\"inLanguage\":\"fr-FR\",\"@id\":\"https:\\\/\\\/paroisse-nogent-le-roi.com\\\/index.php\\\/panier-du-cure\\\/#primaryimage\",\"url\":\"https:\\\/\\\/paroisse-nogent-le-roi.com\\\/wp-content\\\/uploads\\\/2023\\\/11\\\/Sans-titre.png\",\"contentUrl\":\"https:\\\/\\\/paroisse-nogent-le-roi.com\\\/wp-content\\\/uploads\\\/2023\\\/11\\\/Sans-titre.png\",\"width\":512,\"height\":512},{\"@type\":\"BreadcrumbList\",\"@id\":\"https:\\\/\\\/paroisse-nogent-le-roi.com\\\/index.php\\\/panier-du-cure\\\/#breadcrumb\",\"itemListElement\":[{\"@type\":\"ListItem\",\"position\":1,\"name\":\"Home\",\"item\":\"https:\\\/\\\/paroisse-nogent-le-roi.com\\\/\"},{\"@type\":\"ListItem\",\"position\":2,\"name\":\"Panier du cur\u00e9\"}]},{\"@type\":\"WebSite\",\"@id\":\"https:\\\/\\\/paroisse-nogent-le-roi.com\\\/#website\",\"url\":\"https:\\\/\\\/paroisse-nogent-le-roi.com\\\/\",\"name\":\"Nogent-le-Roi\",\"description\":\"Paroisse catholique\",\"publisher\":{\"@id\":\"https:\\\/\\\/paroisse-nogent-le-roi.com\\\/#organization\"},\"potentialAction\":[{\"@type\":\"SearchAction\",\"target\":{\"@type\":\"EntryPoint\",\"urlTemplate\":\"https:\\\/\\\/paroisse-nogent-le-roi.com\\\/?s={search_term_string}\"},\"query-input\":{\"@type\":\"PropertyValueSpecification\",\"valueRequired\":true,\"valueName\":\"search_term_string\"}}],\"inLanguage\":\"fr-FR\"},{\"@type\":\"Organization\",\"@id\":\"https:\\\/\\\/paroisse-nogent-le-roi.com\\\/#organization\",\"name\":\"Paroisse Nogent-Le-Roi\",\"url\":\"https:\\\/\\\/paroisse-nogent-le-roi.com\\\/\",\"logo\":{\"@type\":\"ImageObject\",\"inLanguage\":\"fr-FR\",\"@id\":\"https:\\\/\\\/paroisse-nogent-le-roi.com\\\/#\\\/schema\\\/logo\\\/image\\\/\",\"url\":\"https:\\\/\\\/paroisse-nogent-le-roi.com\\\/wp-content\\\/uploads\\\/2019\\\/05\\\/logo-bleu.jpg\",\"contentUrl\":\"https:\\\/\\\/paroisse-nogent-le-roi.com\\\/wp-content\\\/uploads\\\/2019\\\/05\\\/logo-bleu.jpg\",\"width\":373,\"height\":353,\"caption\":\"Paroisse Nogent-Le-Roi\"},\"image\":{\"@id\":\"https:\\\/\\\/paroisse-nogent-le-roi.com\\\/#\\\/schema\\\/logo\\\/image\\\/\"},\"sameAs\":[\"https:\\\/\\\/www.instagram.com\\\/paroisses_ste_jeanne_st_yves\\\/\"]}]}<\/script>\n<!-- \/ Yoast SEO plugin. -->","yoast_head_json":{"title":"Panier du cur\u00e9 - Nogent-le-Roi","robots":{"index":"index","follow":"follow","max-snippet":"max-snippet:-1","max-image-preview":"max-image-preview:large","max-video-preview":"max-video-preview:-1"},"canonical":"https:\/\/paroisse-nogent-le-roi.com\/index.php\/panier-du-cure\/","og_locale":"fr_FR","og_type":"article","og_title":"Panier du cur\u00e9 - Nogent-le-Roi","og_description":"Vous souhaitez aider nos pr\u00eatres dans leur organisation quotidienne ? Un service simple et \u00e0 la port\u00e9e de tous existe : le Panier du Cur\u00e9 ! Pour permettre \u00e0 nos pr\u00eatres de se consacrer encore plus \u00e0 leur mission en leur faisant gagner un temps pr\u00e9cieux, voici la formule que nous vous proposons : un&hellip;","og_url":"https:\/\/paroisse-nogent-le-roi.com\/index.php\/panier-du-cure\/","og_site_name":"Nogent-le-Roi","article_modified_time":"2025-09-30T15:20:00+00:00","og_image":[{"width":512,"height":512,"url":"https:\/\/paroisse-nogent-le-roi.com\/wp-content\/uploads\/2023\/11\/Sans-titre.png","type":"image\/png"}],"twitter_misc":{"Dur\u00e9e de lecture estim\u00e9e":"1 minute"},"schema":{"@context":"https:\/\/schema.org","@graph":[{"@type":"WebPage","@id":"https:\/\/paroisse-nogent-le-roi.com\/index.php\/panier-du-cure\/","url":"https:\/\/paroisse-nogent-le-roi.com\/index.php\/panier-du-cure\/","name":"Panier du cur\u00e9 - Nogent-le-Roi","isPartOf":{"@id":"https:\/\/paroisse-nogent-le-roi.com\/#website"},"primaryImageOfPage":{"@id":"https:\/\/paroisse-nogent-le-roi.com\/index.php\/panier-du-cure\/#primaryimage"},"image":{"@id":"https:\/\/paroisse-nogent-le-roi.com\/index.php\/panier-du-cure\/#primaryimage"},"thumbnailUrl":"https:\/\/paroisse-nogent-le-roi.com\/wp-content\/uploads\/2023\/11\/Sans-titre.png","datePublished":"2020-10-06T12:53:56+00:00","dateModified":"2025-09-30T15:20:00+00:00","breadcrumb":{"@id":"https:\/\/paroisse-nogent-le-roi.com\/index.php\/panier-du-cure\/#breadcrumb"},"inLanguage":"fr-FR","potentialAction":[{"@type":"ReadAction","target":["https:\/\/paroisse-nogent-le-roi.com\/index.php\/panier-du-cure\/"]}]},{"@type":"ImageObject","inLanguage":"fr-FR","@id":"https:\/\/paroisse-nogent-le-roi.com\/index.php\/panier-du-cure\/#primaryimage","url":"https:\/\/paroisse-nogent-le-roi.com\/wp-content\/uploads\/2023\/11\/Sans-titre.png","contentUrl":"https:\/\/paroisse-nogent-le-roi.com\/wp-content\/uploads\/2023\/11\/Sans-titre.png","width":512,"height":512},{"@type":"BreadcrumbList","@id":"https:\/\/paroisse-nogent-le-roi.com\/index.php\/panier-du-cure\/#breadcrumb","itemListElement":[{"@type":"ListItem","position":1,"name":"Home","item":"https:\/\/paroisse-nogent-le-roi.com\/"},{"@type":"ListItem","position":2,"name":"Panier du cur\u00e9"}]},{"@type":"WebSite","@id":"https:\/\/paroisse-nogent-le-roi.com\/#website","url":"https:\/\/paroisse-nogent-le-roi.com\/","name":"Nogent-le-Roi","description":"Paroisse catholique","publisher":{"@id":"https:\/\/paroisse-nogent-le-roi.com\/#organization"},"potentialAction":[{"@type":"SearchAction","target":{"@type":"EntryPoint","urlTemplate":"https:\/\/paroisse-nogent-le-roi.com\/?s={search_term_string}"},"query-input":{"@type":"PropertyValueSpecification","valueRequired":true,"valueName":"search_term_string"}}],"inLanguage":"fr-FR"},{"@type":"Organization","@id":"https:\/\/paroisse-nogent-le-roi.com\/#organization","name":"Paroisse Nogent-Le-Roi","url":"https:\/\/paroisse-nogent-le-roi.com\/","logo":{"@type":"ImageObject","inLanguage":"fr-FR","@id":"https:\/\/paroisse-nogent-le-roi.com\/#\/schema\/logo\/image\/","url":"https:\/\/paroisse-nogent-le-roi.com\/wp-content\/uploads\/2019\/05\/logo-bleu.jpg","contentUrl":"https:\/\/paroisse-nogent-le-roi.com\/wp-content\/uploads\/2019\/05\/logo-bleu.jpg","width":373,"height":353,"caption":"Paroisse Nogent-Le-Roi"},"image":{"@id":"https:\/\/paroisse-nogent-le-roi.com\/#\/schema\/logo\/image\/"},"sameAs":["https:\/\/www.instagram.com\/paroisses_ste_jeanne_st_yves\/"]}]}},"_links":{"self":[{"href":"https:\/\/paroisse-nogent-le-roi.com\/index.php\/wp-json\/wp\/v2\/pages\/1309","targetHints":{"allow":["GET"]}}],"collection":[{"href":"https:\/\/paroisse-nogent-le-roi.com\/index.php\/wp-json\/wp\/v2\/pages"}],"about":[{"href":"https:\/\/paroisse-nogent-le-roi.com\/index.php\/wp-json\/wp\/v2\/types\/page"}],"author":[{"embeddable":true,"href":"https:\/\/paroisse-nogent-le-roi.com\/index.php\/wp-json\/wp\/v2\/users\/6"}],"replies":[{"embeddable":true,"href":"https:\/\/paroisse-nogent-le-roi.com\/index.php\/wp-json\/wp\/v2\/comments?post=1309"}],"version-history":[{"count":12,"href":"https:\/\/paroisse-nogent-le-roi.com\/index.php\/wp-json\/wp\/v2\/pages\/1309\/revisions"}],"predecessor-version":[{"id":5025,"href":"https:\/\/paroisse-nogent-le-roi.com\/index.php\/wp-json\/wp\/v2\/pages\/1309\/revisions\/5025"}],"wp:attachment":[{"href":"https:\/\/paroisse-nogent-le-roi.com\/index.php\/wp-json\/wp\/v2\/media?parent=1309"}],"curies":[{"name":"wp","href":"https:\/\/api.w.org\/{rel}","templated":true}]}}